{"id":22037,"date":"2026-02-26T14:56:38","date_gmt":"2026-02-26T13:56:38","guid":{"rendered":"https:\/\/www.scotsman.sk\/produkt\/scotsman-mar-209-split\/"},"modified":"2026-02-26T14:57:12","modified_gmt":"2026-02-26T13:57:12","slug":"scotsman-mar-209-split","status":"publish","type":"product","link":"https:\/\/www.scotsman.sk\/de\/produkt\/scotsman-mar-209-split\/","title":{"rendered":"SCOTSMAN MAR-209-SPLIT"},"content":{"rendered":"<p>Eisproduktion (kg\/24h): 1850<\/p>\n<p>Au\u00dfenma\u00dfe (mm): 1326x853x520<\/p>\n<p>K\u00e4ltemittel: R744<\/p>\n<p>Produktgewicht (kg): 175<\/p>\n<p>Bruttogewicht kg: 199<\/p>\n<p>Abmessungen (cm): 141x79x68<\/p>\n<p>Zolltarifnummer: 84186900<\/p>\n<p>: <\/p>\n<p>: <\/p>\n<p>: <\/p>\n<p>: <\/p>\n","protected":false},"excerpt":{"rendered":"<p>Eisproduktion (kg\/24h): 1850 Au\u00dfenma\u00dfe (mm): 1326x853x520 K\u00e4ltemittel: R744 Produktgewicht (kg): 175 Bruttogewicht kg: 199 Abmessungen (cm): 141x79x68 Zolltarifnummer: 84186900 :<\/p>\n","protected":false},"featured_media":22038,"comment_status":"closed","ping_status":"open","template":"","meta":[],"product_brand":[],"product_cat":[367,962],"product_tag":[],"class_list":{"0":"post-22037","1":"product","2":"type-product","3":"status-publish","4":"has-post-thumbnail","6":"product_cat-eismaschinen","7":"product_cat-scherbeneis","8":"pa_abmessungen-cm-141x79x68","9":"pa_aussenmasse-mm-1326x853x520","10":"pa_bruttogewicht-kg-960","11":"pa_eisproduktion-kg-24h-956","12":"pa_kaeltemittel-r744","13":"pa_produktgewicht-kg-959","14":"pa_zolltarifnummer-366","16":"first","17":"instock","18":"purchasable","19":"product-type-simple"},"yoast_head":"<!-- This site is optimized with the Yoast SEO plugin v27.0 - https:\/\/yoast.com\/product\/yoast-seo-wordpress\/ -->\n<title>SCOTSMAN MAR-209-SPLIT - Scotsman<\/title>\n<meta name=\"robots\" content=\"index, follow, max-snippet:-1, max-image-preview:large, max-video-preview:-1\" \/>\n<link rel=\"canonical\" href=\"https:\/\/www.scotsman.sk\/de\/produkt\/scotsman-mar-209-split\/\" \/>\n<meta property=\"og:locale\" content=\"de_DE\" \/>\n<meta property=\"og:type\" content=\"article\" \/>\n<meta property=\"og:title\" content=\"SCOTSMAN MAR-209-SPLIT - Scotsman\" \/>\n<meta property=\"og:description\" content=\"Eisproduktion (kg\/24h): 1850 Au\u00dfenma\u00dfe (mm): 1326x853x520 K\u00e4ltemittel: R744 Produktgewicht (kg): 175 Bruttogewicht kg: 199 Abmessungen (cm): 141x79x68 Zolltarifnummer: 84186900 :\" \/>\n<meta property=\"og:url\" content=\"https:\/\/www.scotsman.sk\/de\/produkt\/scotsman-mar-209-split\/\" \/>\n<meta property=\"og:site_name\" content=\"Scotsman\" \/>\n<meta property=\"article:modified_time\" content=\"2026-02-26T13:57:12+00:00\" \/>\n<meta property=\"og:image\" content=\"https:\/\/www.scotsman.sk\/wp-content\/uploads\/2026\/02\/mar_208_split-800x600-5.jpg\" \/>\n\t<meta property=\"og:image:width\" content=\"500\" \/>\n\t<meta property=\"og:image:height\" content=\"500\" \/>\n\t<meta property=\"og:image:type\" content=\"image\/jpeg\" \/>\n<meta name=\"twitter:card\" content=\"summary_large_image\" \/>\n<script type=\"application\/ld+json\" class=\"yoast-schema-graph\">{\"@context\":\"https:\/\/schema.org\",\"@graph\":[{\"@type\":\"WebPage\",\"@id\":\"https:\/\/www.scotsman.sk\/de\/produkt\/scotsman-mar-209-split\/\",\"url\":\"https:\/\/www.scotsman.sk\/de\/produkt\/scotsman-mar-209-split\/\",\"name\":\"SCOTSMAN MAR-209-SPLIT - Scotsman\",\"isPartOf\":{\"@id\":\"https:\/\/www.scotsman.sk\/de\/#website\"},\"primaryImageOfPage\":{\"@id\":\"https:\/\/www.scotsman.sk\/de\/produkt\/scotsman-mar-209-split\/#primaryimage\"},\"image\":{\"@id\":\"https:\/\/www.scotsman.sk\/de\/produkt\/scotsman-mar-209-split\/#primaryimage\"},\"thumbnailUrl\":\"https:\/\/www.scotsman.sk\/wp-content\/uploads\/2026\/02\/mar_208_split-800x600-5.jpg\",\"datePublished\":\"2026-02-26T13:56:38+00:00\",\"dateModified\":\"2026-02-26T13:57:12+00:00\",\"breadcrumb\":{\"@id\":\"https:\/\/www.scotsman.sk\/de\/produkt\/scotsman-mar-209-split\/#breadcrumb\"},\"inLanguage\":\"de\",\"potentialAction\":[{\"@type\":\"ReadAction\",\"target\":[\"https:\/\/www.scotsman.sk\/de\/produkt\/scotsman-mar-209-split\/\"]}]},{\"@type\":\"ImageObject\",\"inLanguage\":\"de\",\"@id\":\"https:\/\/www.scotsman.sk\/de\/produkt\/scotsman-mar-209-split\/#primaryimage\",\"url\":\"https:\/\/www.scotsman.sk\/wp-content\/uploads\/2026\/02\/mar_208_split-800x600-5.jpg\",\"contentUrl\":\"https:\/\/www.scotsman.sk\/wp-content\/uploads\/2026\/02\/mar_208_split-800x600-5.jpg\",\"width\":500,\"height\":500},{\"@type\":\"BreadcrumbList\",\"@id\":\"https:\/\/www.scotsman.sk\/de\/produkt\/scotsman-mar-209-split\/#breadcrumb\",\"itemListElement\":[{\"@type\":\"ListItem\",\"position\":1,\"name\":\"Startseite\",\"item\":\"https:\/\/www.scotsman.sk\/de\/\"},{\"@type\":\"ListItem\",\"position\":2,\"name\":\"Produkte\",\"item\":\"https:\/\/www.scotsman.sk\/de\/eshop\/\"},{\"@type\":\"ListItem\",\"position\":3,\"name\":\"SCOTSMAN MAR-209-SPLIT\"}]},{\"@type\":\"WebSite\",\"@id\":\"https:\/\/www.scotsman.sk\/de\/#website\",\"url\":\"https:\/\/www.scotsman.sk\/de\/\",\"name\":\"Scotsman\",\"description\":\"\",\"potentialAction\":[{\"@type\":\"SearchAction\",\"target\":{\"@type\":\"EntryPoint\",\"urlTemplate\":\"https:\/\/www.scotsman.sk\/de\/?s={search_term_string}\"},\"query-input\":{\"@type\":\"PropertyValueSpecification\",\"valueRequired\":true,\"valueName\":\"search_term_string\"}}],\"inLanguage\":\"de\"}]}<\/script>\n<!-- \/ Yoast SEO plugin. -->","yoast_head_json":{"title":"SCOTSMAN MAR-209-SPLIT - Scotsman","robots":{"index":"index","follow":"follow","max-snippet":"max-snippet:-1","max-image-preview":"max-image-preview:large","max-video-preview":"max-video-preview:-1"},"canonical":"https:\/\/www.scotsman.sk\/de\/produkt\/scotsman-mar-209-split\/","og_locale":"de_DE","og_type":"article","og_title":"SCOTSMAN MAR-209-SPLIT - Scotsman","og_description":"Eisproduktion (kg\/24h): 1850 Au\u00dfenma\u00dfe (mm): 1326x853x520 K\u00e4ltemittel: R744 Produktgewicht (kg): 175 Bruttogewicht kg: 199 Abmessungen (cm): 141x79x68 Zolltarifnummer: 84186900 :","og_url":"https:\/\/www.scotsman.sk\/de\/produkt\/scotsman-mar-209-split\/","og_site_name":"Scotsman","article_modified_time":"2026-02-26T13:57:12+00:00","og_image":[{"width":500,"height":500,"url":"https:\/\/www.scotsman.sk\/wp-content\/uploads\/2026\/02\/mar_208_split-800x600-5.jpg","type":"image\/jpeg"}],"twitter_card":"summary_large_image","schema":{"@context":"https:\/\/schema.org","@graph":[{"@type":"WebPage","@id":"https:\/\/www.scotsman.sk\/de\/produkt\/scotsman-mar-209-split\/","url":"https:\/\/www.scotsman.sk\/de\/produkt\/scotsman-mar-209-split\/","name":"SCOTSMAN MAR-209-SPLIT - Scotsman","isPartOf":{"@id":"https:\/\/www.scotsman.sk\/de\/#website"},"primaryImageOfPage":{"@id":"https:\/\/www.scotsman.sk\/de\/produkt\/scotsman-mar-209-split\/#primaryimage"},"image":{"@id":"https:\/\/www.scotsman.sk\/de\/produkt\/scotsman-mar-209-split\/#primaryimage"},"thumbnailUrl":"https:\/\/www.scotsman.sk\/wp-content\/uploads\/2026\/02\/mar_208_split-800x600-5.jpg","datePublished":"2026-02-26T13:56:38+00:00","dateModified":"2026-02-26T13:57:12+00:00","breadcrumb":{"@id":"https:\/\/www.scotsman.sk\/de\/produkt\/scotsman-mar-209-split\/#breadcrumb"},"inLanguage":"de","potentialAction":[{"@type":"ReadAction","target":["https:\/\/www.scotsman.sk\/de\/produkt\/scotsman-mar-209-split\/"]}]},{"@type":"ImageObject","inLanguage":"de","@id":"https:\/\/www.scotsman.sk\/de\/produkt\/scotsman-mar-209-split\/#primaryimage","url":"https:\/\/www.scotsman.sk\/wp-content\/uploads\/2026\/02\/mar_208_split-800x600-5.jpg","contentUrl":"https:\/\/www.scotsman.sk\/wp-content\/uploads\/2026\/02\/mar_208_split-800x600-5.jpg","width":500,"height":500},{"@type":"BreadcrumbList","@id":"https:\/\/www.scotsman.sk\/de\/produkt\/scotsman-mar-209-split\/#breadcrumb","itemListElement":[{"@type":"ListItem","position":1,"name":"Startseite","item":"https:\/\/www.scotsman.sk\/de\/"},{"@type":"ListItem","position":2,"name":"Produkte","item":"https:\/\/www.scotsman.sk\/de\/eshop\/"},{"@type":"ListItem","position":3,"name":"SCOTSMAN MAR-209-SPLIT"}]},{"@type":"WebSite","@id":"https:\/\/www.scotsman.sk\/de\/#website","url":"https:\/\/www.scotsman.sk\/de\/","name":"Scotsman","description":"","potentialAction":[{"@type":"SearchAction","target":{"@type":"EntryPoint","urlTemplate":"https:\/\/www.scotsman.sk\/de\/?s={search_term_string}"},"query-input":{"@type":"PropertyValueSpecification","valueRequired":true,"valueName":"search_term_string"}}],"inLanguage":"de"}]}},"_links":{"self":[{"href":"https:\/\/www.scotsman.sk\/de\/wp-json\/wp\/v2\/product\/22037","targetHints":{"allow":["GET"]}}],"collection":[{"href":"https:\/\/www.scotsman.sk\/de\/wp-json\/wp\/v2\/product"}],"about":[{"href":"https:\/\/www.scotsman.sk\/de\/wp-json\/wp\/v2\/types\/product"}],"replies":[{"embeddable":true,"href":"https:\/\/www.scotsman.sk\/de\/wp-json\/wp\/v2\/comments?post=22037"}],"wp:featuredmedia":[{"embeddable":true,"href":"https:\/\/www.scotsman.sk\/de\/wp-json\/wp\/v2\/media\/22038"}],"wp:attachment":[{"href":"https:\/\/www.scotsman.sk\/de\/wp-json\/wp\/v2\/media?parent=22037"}],"wp:term":[{"taxonomy":"product_brand","embeddable":true,"href":"https:\/\/www.scotsman.sk\/de\/wp-json\/wp\/v2\/product_brand?post=22037"},{"taxonomy":"product_cat","embeddable":true,"href":"https:\/\/www.scotsman.sk\/de\/wp-json\/wp\/v2\/product_cat?post=22037"},{"taxonomy":"product_tag","embeddable":true,"href":"https:\/\/www.scotsman.sk\/de\/wp-json\/wp\/v2\/product_tag?post=22037"}],"curies":[{"name":"wp","href":"https:\/\/api.w.org\/{rel}","templated":true}]}}