{"id":22021,"date":"2026-02-26T14:56:38","date_gmt":"2026-02-26T13:56:38","guid":{"rendered":"https:\/\/www.scotsman.sk\/produkt\/scotsman-sb-1025\/"},"modified":"2026-02-26T14:56:53","modified_gmt":"2026-02-26T13:56:53","slug":"scotsman-sb-1025","status":"publish","type":"product","link":"https:\/\/www.scotsman.sk\/de\/produkt\/scotsman-sb-1025\/","title":{"rendered":"SCOTSMAN SB-1025"},"content":{"rendered":"<p>Vorratsbeh\u00e4lter (kg) max: 478<\/p>\n<p>Au\u00dfenma\u00dfe (mm): 1331x871x1272<\/p>\n<p>Produktgewicht (kg): 77<\/p>\n<p>Bruttogewicht kg: 100<\/p>\n<p>Abmessungen (cm): 139,5x94x131<\/p>\n<p>Zolltarifnummer: 39269097<\/p>\n<p>: <\/p>\n<p>: <\/p>\n<p>: <\/p>\n<p>: <\/p>\n<p>: <\/p>\n","protected":false},"excerpt":{"rendered":"<p>Vorratsbeh\u00e4lter (kg) max: 478 Au\u00dfenma\u00dfe (mm): 1331x871x1272 Produktgewicht (kg): 77 Bruttogewicht kg: 100 Abmessungen (cm): 139,5x94x131 Zolltarifnummer: 39269097 : :<\/p>\n","protected":false},"featured_media":22022,"comment_status":"closed","ping_status":"open","template":"","meta":[],"product_brand":[],"product_cat":[898],"product_tag":[],"class_list":{"0":"post-22021","1":"product","2":"type-product","3":"status-publish","4":"has-post-thumbnail","6":"product_cat-vorratsbehaelter","7":"pa_abmessungen-cm-1395x94x131","8":"pa_aussenmasse-mm-1331x871x1272","9":"pa_bruttogewicht-kg-926","10":"pa_produktgewicht-kg-925","11":"pa_vorratsbehaelter-kg-max-923","12":"pa_zolltarifnummer-897","14":"first","15":"instock","16":"purchasable","17":"product-type-simple"},"yoast_head":"<!-- This site is optimized with the Yoast SEO plugin v27.0 - https:\/\/yoast.com\/product\/yoast-seo-wordpress\/ -->\n<title>SCOTSMAN SB-1025 - Scotsman<\/title>\n<meta name=\"robots\" content=\"index, follow, max-snippet:-1, max-image-preview:large, max-video-preview:-1\" \/>\n<link rel=\"canonical\" href=\"https:\/\/www.scotsman.sk\/de\/produkt\/scotsman-sb-1025\/\" \/>\n<meta property=\"og:locale\" content=\"de_DE\" \/>\n<meta property=\"og:type\" content=\"article\" \/>\n<meta property=\"og:title\" content=\"SCOTSMAN SB-1025 - Scotsman\" \/>\n<meta property=\"og:description\" content=\"Vorratsbeh\u00e4lter (kg) max: 478 Au\u00dfenma\u00dfe (mm): 1331x871x1272 Produktgewicht (kg): 77 Bruttogewicht kg: 100 Abmessungen (cm): 139,5x94x131 Zolltarifnummer: 39269097 : :\" \/>\n<meta property=\"og:url\" content=\"https:\/\/www.scotsman.sk\/de\/produkt\/scotsman-sb-1025\/\" \/>\n<meta property=\"og:site_name\" content=\"Scotsman\" \/>\n<meta property=\"article:modified_time\" content=\"2026-02-26T13:56:53+00:00\" \/>\n<meta property=\"og:image\" content=\"https:\/\/www.scotsman.sk\/wp-content\/uploads\/2026\/02\/1025-800x600-3.jpg\" \/>\n\t<meta property=\"og:image:width\" content=\"500\" \/>\n\t<meta property=\"og:image:height\" content=\"500\" \/>\n\t<meta property=\"og:image:type\" content=\"image\/jpeg\" \/>\n<meta name=\"twitter:card\" content=\"summary_large_image\" \/>\n<script type=\"application\/ld+json\" class=\"yoast-schema-graph\">{\"@context\":\"https:\/\/schema.org\",\"@graph\":[{\"@type\":\"WebPage\",\"@id\":\"https:\/\/www.scotsman.sk\/de\/produkt\/scotsman-sb-1025\/\",\"url\":\"https:\/\/www.scotsman.sk\/de\/produkt\/scotsman-sb-1025\/\",\"name\":\"SCOTSMAN SB-1025 - Scotsman\",\"isPartOf\":{\"@id\":\"https:\/\/www.scotsman.sk\/de\/#website\"},\"primaryImageOfPage\":{\"@id\":\"https:\/\/www.scotsman.sk\/de\/produkt\/scotsman-sb-1025\/#primaryimage\"},\"image\":{\"@id\":\"https:\/\/www.scotsman.sk\/de\/produkt\/scotsman-sb-1025\/#primaryimage\"},\"thumbnailUrl\":\"https:\/\/www.scotsman.sk\/wp-content\/uploads\/2026\/02\/1025-800x600-3.jpg\",\"datePublished\":\"2026-02-26T13:56:38+00:00\",\"dateModified\":\"2026-02-26T13:56:53+00:00\",\"breadcrumb\":{\"@id\":\"https:\/\/www.scotsman.sk\/de\/produkt\/scotsman-sb-1025\/#breadcrumb\"},\"inLanguage\":\"de\",\"potentialAction\":[{\"@type\":\"ReadAction\",\"target\":[\"https:\/\/www.scotsman.sk\/de\/produkt\/scotsman-sb-1025\/\"]}]},{\"@type\":\"ImageObject\",\"inLanguage\":\"de\",\"@id\":\"https:\/\/www.scotsman.sk\/de\/produkt\/scotsman-sb-1025\/#primaryimage\",\"url\":\"https:\/\/www.scotsman.sk\/wp-content\/uploads\/2026\/02\/1025-800x600-3.jpg\",\"contentUrl\":\"https:\/\/www.scotsman.sk\/wp-content\/uploads\/2026\/02\/1025-800x600-3.jpg\",\"width\":500,\"height\":500},{\"@type\":\"BreadcrumbList\",\"@id\":\"https:\/\/www.scotsman.sk\/de\/produkt\/scotsman-sb-1025\/#breadcrumb\",\"itemListElement\":[{\"@type\":\"ListItem\",\"position\":1,\"name\":\"Startseite\",\"item\":\"https:\/\/www.scotsman.sk\/de\/\"},{\"@type\":\"ListItem\",\"position\":2,\"name\":\"Produkte\",\"item\":\"https:\/\/www.scotsman.sk\/de\/eshop\/\"},{\"@type\":\"ListItem\",\"position\":3,\"name\":\"SCOTSMAN SB-1025\"}]},{\"@type\":\"WebSite\",\"@id\":\"https:\/\/www.scotsman.sk\/de\/#website\",\"url\":\"https:\/\/www.scotsman.sk\/de\/\",\"name\":\"Scotsman\",\"description\":\"\",\"potentialAction\":[{\"@type\":\"SearchAction\",\"target\":{\"@type\":\"EntryPoint\",\"urlTemplate\":\"https:\/\/www.scotsman.sk\/de\/?s={search_term_string}\"},\"query-input\":{\"@type\":\"PropertyValueSpecification\",\"valueRequired\":true,\"valueName\":\"search_term_string\"}}],\"inLanguage\":\"de\"}]}<\/script>\n<!-- \/ Yoast SEO plugin. -->","yoast_head_json":{"title":"SCOTSMAN SB-1025 - Scotsman","robots":{"index":"index","follow":"follow","max-snippet":"max-snippet:-1","max-image-preview":"max-image-preview:large","max-video-preview":"max-video-preview:-1"},"canonical":"https:\/\/www.scotsman.sk\/de\/produkt\/scotsman-sb-1025\/","og_locale":"de_DE","og_type":"article","og_title":"SCOTSMAN SB-1025 - Scotsman","og_description":"Vorratsbeh\u00e4lter (kg) max: 478 Au\u00dfenma\u00dfe (mm): 1331x871x1272 Produktgewicht (kg): 77 Bruttogewicht kg: 100 Abmessungen (cm): 139,5x94x131 Zolltarifnummer: 39269097 : :","og_url":"https:\/\/www.scotsman.sk\/de\/produkt\/scotsman-sb-1025\/","og_site_name":"Scotsman","article_modified_time":"2026-02-26T13:56:53+00:00","og_image":[{"width":500,"height":500,"url":"https:\/\/www.scotsman.sk\/wp-content\/uploads\/2026\/02\/1025-800x600-3.jpg","type":"image\/jpeg"}],"twitter_card":"summary_large_image","schema":{"@context":"https:\/\/schema.org","@graph":[{"@type":"WebPage","@id":"https:\/\/www.scotsman.sk\/de\/produkt\/scotsman-sb-1025\/","url":"https:\/\/www.scotsman.sk\/de\/produkt\/scotsman-sb-1025\/","name":"SCOTSMAN SB-1025 - Scotsman","isPartOf":{"@id":"https:\/\/www.scotsman.sk\/de\/#website"},"primaryImageOfPage":{"@id":"https:\/\/www.scotsman.sk\/de\/produkt\/scotsman-sb-1025\/#primaryimage"},"image":{"@id":"https:\/\/www.scotsman.sk\/de\/produkt\/scotsman-sb-1025\/#primaryimage"},"thumbnailUrl":"https:\/\/www.scotsman.sk\/wp-content\/uploads\/2026\/02\/1025-800x600-3.jpg","datePublished":"2026-02-26T13:56:38+00:00","dateModified":"2026-02-26T13:56:53+00:00","breadcrumb":{"@id":"https:\/\/www.scotsman.sk\/de\/produkt\/scotsman-sb-1025\/#breadcrumb"},"inLanguage":"de","potentialAction":[{"@type":"ReadAction","target":["https:\/\/www.scotsman.sk\/de\/produkt\/scotsman-sb-1025\/"]}]},{"@type":"ImageObject","inLanguage":"de","@id":"https:\/\/www.scotsman.sk\/de\/produkt\/scotsman-sb-1025\/#primaryimage","url":"https:\/\/www.scotsman.sk\/wp-content\/uploads\/2026\/02\/1025-800x600-3.jpg","contentUrl":"https:\/\/www.scotsman.sk\/wp-content\/uploads\/2026\/02\/1025-800x600-3.jpg","width":500,"height":500},{"@type":"BreadcrumbList","@id":"https:\/\/www.scotsman.sk\/de\/produkt\/scotsman-sb-1025\/#breadcrumb","itemListElement":[{"@type":"ListItem","position":1,"name":"Startseite","item":"https:\/\/www.scotsman.sk\/de\/"},{"@type":"ListItem","position":2,"name":"Produkte","item":"https:\/\/www.scotsman.sk\/de\/eshop\/"},{"@type":"ListItem","position":3,"name":"SCOTSMAN SB-1025"}]},{"@type":"WebSite","@id":"https:\/\/www.scotsman.sk\/de\/#website","url":"https:\/\/www.scotsman.sk\/de\/","name":"Scotsman","description":"","potentialAction":[{"@type":"SearchAction","target":{"@type":"EntryPoint","urlTemplate":"https:\/\/www.scotsman.sk\/de\/?s={search_term_string}"},"query-input":{"@type":"PropertyValueSpecification","valueRequired":true,"valueName":"search_term_string"}}],"inLanguage":"de"}]}},"_links":{"self":[{"href":"https:\/\/www.scotsman.sk\/de\/wp-json\/wp\/v2\/product\/22021","targetHints":{"allow":["GET"]}}],"collection":[{"href":"https:\/\/www.scotsman.sk\/de\/wp-json\/wp\/v2\/product"}],"about":[{"href":"https:\/\/www.scotsman.sk\/de\/wp-json\/wp\/v2\/types\/product"}],"replies":[{"embeddable":true,"href":"https:\/\/www.scotsman.sk\/de\/wp-json\/wp\/v2\/comments?post=22021"}],"wp:featuredmedia":[{"embeddable":true,"href":"https:\/\/www.scotsman.sk\/de\/wp-json\/wp\/v2\/media\/22022"}],"wp:attachment":[{"href":"https:\/\/www.scotsman.sk\/de\/wp-json\/wp\/v2\/media?parent=22021"}],"wp:term":[{"taxonomy":"product_brand","embeddable":true,"href":"https:\/\/www.scotsman.sk\/de\/wp-json\/wp\/v2\/product_brand?post=22021"},{"taxonomy":"product_cat","embeddable":true,"href":"https:\/\/www.scotsman.sk\/de\/wp-json\/wp\/v2\/product_cat?post=22021"},{"taxonomy":"product_tag","embeddable":true,"href":"https:\/\/www.scotsman.sk\/de\/wp-json\/wp\/v2\/product_tag?post=22021"}],"curies":[{"name":"wp","href":"https:\/\/api.w.org\/{rel}","templated":true}]}}