{"id":21252,"date":"2026-02-26T15:03:02","date_gmt":"2026-02-26T14:03:02","guid":{"rendered":"https:\/\/www.scotsman.sk\/produkt\/scotsman-crush-man-360\/"},"modified":"2026-02-26T15:03:06","modified_gmt":"2026-02-26T14:03:06","slug":"scotsman-crush-man-360","status":"publish","type":"product","link":"https:\/\/www.scotsman.sk\/de\/produkt\/scotsman-crush-man-360\/","title":{"rendered":"SCOTSMAN CRUSH-MAN 360"},"content":{"rendered":"<p>Farbe: Edelstahl<\/p>\n<p>Eistypen: Nugget<\/p>\n<p>Eisproduktion (kg\/24h): 144<\/p>\n<p>Vorratsbeh\u00e4lter (kg) max: 3,5<\/p>\n<p>Gr\u00f6ssen: Nugget 88% EIS<\/p>\n<p>Gr\u00f6ssen: Flocken 70% EIS<\/p>\n<p>Au\u00dfenma\u00dfe (mm): 245 x 430 x 490<\/p>\n<p>K\u00e4ltesystem: Luftgek\u00fchlt<\/p>\n<p>Produktgewicht (kg): 23<\/p>\n<p>Bruttogewicht kg: 28<\/p>\n<p>Abmessungen (cm): 30 x 48 x 54<\/p>\n","protected":false},"excerpt":{"rendered":"<p>Farbe: Edelstahl Eistypen: Nugget Eisproduktion (kg\/24h): 144 Vorratsbeh\u00e4lter (kg) max: 3,5 Gr\u00f6ssen: Nugget 88% EIS Gr\u00f6ssen: Flocken 70% EIS Au\u00dfenma\u00dfe<\/p>\n","protected":false},"featured_media":21253,"comment_status":"closed","ping_status":"open","template":"","meta":[],"product_brand":[],"product_cat":[415],"product_tag":[],"class_list":{"0":"post-21252","1":"product","2":"type-product","3":"status-publish","4":"has-post-thumbnail","6":"product_cat-eiscrusher","7":"pa_abmessungen-cm-30-x-48-x-54","8":"pa_aussenmasse-mm-245-x-430-x-490","9":"pa_bruttogewicht-kg-413","10":"pa_eisproduktion-kg-24h-407","11":"pa_eistypen-nugget","12":"pa_farbe-edelstahl","13":"pa_groessen-flocken-70-eis","14":"pa_kaeltesystem-luftgekuehlt","15":"pa_produktgewicht-kg-412","16":"pa_vorratsbehaelter-kg-max-408","18":"first","19":"instock","20":"purchasable","21":"product-type-simple"},"yoast_head":"<!-- This site is optimized with the Yoast SEO plugin v27.0 - https:\/\/yoast.com\/product\/yoast-seo-wordpress\/ -->\n<title>SCOTSMAN CRUSH-MAN 360 - Scotsman<\/title>\n<meta name=\"robots\" content=\"index, follow, max-snippet:-1, max-image-preview:large, max-video-preview:-1\" \/>\n<link rel=\"canonical\" href=\"https:\/\/www.scotsman.sk\/de\/produkt\/scotsman-crush-man-360\/\" \/>\n<meta property=\"og:locale\" content=\"de_DE\" \/>\n<meta property=\"og:type\" content=\"article\" \/>\n<meta property=\"og:title\" content=\"SCOTSMAN CRUSH-MAN 360 - Scotsman\" \/>\n<meta property=\"og:description\" content=\"Farbe: Edelstahl Eistypen: Nugget Eisproduktion (kg\/24h): 144 Vorratsbeh\u00e4lter (kg) max: 3,5 Gr\u00f6ssen: Nugget 88% EIS Gr\u00f6ssen: Flocken 70% EIS Au\u00dfenma\u00dfe\" \/>\n<meta property=\"og:url\" content=\"https:\/\/www.scotsman.sk\/de\/produkt\/scotsman-crush-man-360\/\" \/>\n<meta property=\"og:site_name\" content=\"Scotsman\" \/>\n<meta property=\"article:modified_time\" content=\"2026-02-26T14:03:06+00:00\" \/>\n<meta property=\"og:image\" content=\"https:\/\/www.scotsman.sk\/wp-content\/uploads\/2026\/02\/crushman_360_1-800x600-3.jpg\" \/>\n\t<meta property=\"og:image:width\" content=\"600\" \/>\n\t<meta property=\"og:image:height\" content=\"600\" \/>\n\t<meta property=\"og:image:type\" content=\"image\/jpeg\" \/>\n<meta name=\"twitter:card\" content=\"summary_large_image\" \/>\n<script type=\"application\/ld+json\" class=\"yoast-schema-graph\">{\"@context\":\"https:\/\/schema.org\",\"@graph\":[{\"@type\":\"WebPage\",\"@id\":\"https:\/\/www.scotsman.sk\/de\/produkt\/scotsman-crush-man-360\/\",\"url\":\"https:\/\/www.scotsman.sk\/de\/produkt\/scotsman-crush-man-360\/\",\"name\":\"SCOTSMAN CRUSH-MAN 360 - Scotsman\",\"isPartOf\":{\"@id\":\"https:\/\/www.scotsman.sk\/de\/#website\"},\"primaryImageOfPage\":{\"@id\":\"https:\/\/www.scotsman.sk\/de\/produkt\/scotsman-crush-man-360\/#primaryimage\"},\"image\":{\"@id\":\"https:\/\/www.scotsman.sk\/de\/produkt\/scotsman-crush-man-360\/#primaryimage\"},\"thumbnailUrl\":\"https:\/\/www.scotsman.sk\/wp-content\/uploads\/2026\/02\/crushman_360_1-800x600-3.jpg\",\"datePublished\":\"2026-02-26T14:03:02+00:00\",\"dateModified\":\"2026-02-26T14:03:06+00:00\",\"breadcrumb\":{\"@id\":\"https:\/\/www.scotsman.sk\/de\/produkt\/scotsman-crush-man-360\/#breadcrumb\"},\"inLanguage\":\"de\",\"potentialAction\":[{\"@type\":\"ReadAction\",\"target\":[\"https:\/\/www.scotsman.sk\/de\/produkt\/scotsman-crush-man-360\/\"]}]},{\"@type\":\"ImageObject\",\"inLanguage\":\"de\",\"@id\":\"https:\/\/www.scotsman.sk\/de\/produkt\/scotsman-crush-man-360\/#primaryimage\",\"url\":\"https:\/\/www.scotsman.sk\/wp-content\/uploads\/2026\/02\/crushman_360_1-800x600-3.jpg\",\"contentUrl\":\"https:\/\/www.scotsman.sk\/wp-content\/uploads\/2026\/02\/crushman_360_1-800x600-3.jpg\",\"width\":600,\"height\":600},{\"@type\":\"BreadcrumbList\",\"@id\":\"https:\/\/www.scotsman.sk\/de\/produkt\/scotsman-crush-man-360\/#breadcrumb\",\"itemListElement\":[{\"@type\":\"ListItem\",\"position\":1,\"name\":\"Startseite\",\"item\":\"https:\/\/www.scotsman.sk\/de\/\"},{\"@type\":\"ListItem\",\"position\":2,\"name\":\"Produkte\",\"item\":\"https:\/\/www.scotsman.sk\/de\/eshop\/\"},{\"@type\":\"ListItem\",\"position\":3,\"name\":\"SCOTSMAN CRUSH-MAN 360\"}]},{\"@type\":\"WebSite\",\"@id\":\"https:\/\/www.scotsman.sk\/de\/#website\",\"url\":\"https:\/\/www.scotsman.sk\/de\/\",\"name\":\"Scotsman\",\"description\":\"\",\"potentialAction\":[{\"@type\":\"SearchAction\",\"target\":{\"@type\":\"EntryPoint\",\"urlTemplate\":\"https:\/\/www.scotsman.sk\/de\/?s={search_term_string}\"},\"query-input\":{\"@type\":\"PropertyValueSpecification\",\"valueRequired\":true,\"valueName\":\"search_term_string\"}}],\"inLanguage\":\"de\"}]}<\/script>\n<!-- \/ Yoast SEO plugin. -->","yoast_head_json":{"title":"SCOTSMAN CRUSH-MAN 360 - Scotsman","robots":{"index":"index","follow":"follow","max-snippet":"max-snippet:-1","max-image-preview":"max-image-preview:large","max-video-preview":"max-video-preview:-1"},"canonical":"https:\/\/www.scotsman.sk\/de\/produkt\/scotsman-crush-man-360\/","og_locale":"de_DE","og_type":"article","og_title":"SCOTSMAN CRUSH-MAN 360 - Scotsman","og_description":"Farbe: Edelstahl Eistypen: Nugget Eisproduktion (kg\/24h): 144 Vorratsbeh\u00e4lter (kg) max: 3,5 Gr\u00f6ssen: Nugget 88% EIS Gr\u00f6ssen: Flocken 70% EIS Au\u00dfenma\u00dfe","og_url":"https:\/\/www.scotsman.sk\/de\/produkt\/scotsman-crush-man-360\/","og_site_name":"Scotsman","article_modified_time":"2026-02-26T14:03:06+00:00","og_image":[{"width":600,"height":600,"url":"https:\/\/www.scotsman.sk\/wp-content\/uploads\/2026\/02\/crushman_360_1-800x600-3.jpg","type":"image\/jpeg"}],"twitter_card":"summary_large_image","schema":{"@context":"https:\/\/schema.org","@graph":[{"@type":"WebPage","@id":"https:\/\/www.scotsman.sk\/de\/produkt\/scotsman-crush-man-360\/","url":"https:\/\/www.scotsman.sk\/de\/produkt\/scotsman-crush-man-360\/","name":"SCOTSMAN CRUSH-MAN 360 - Scotsman","isPartOf":{"@id":"https:\/\/www.scotsman.sk\/de\/#website"},"primaryImageOfPage":{"@id":"https:\/\/www.scotsman.sk\/de\/produkt\/scotsman-crush-man-360\/#primaryimage"},"image":{"@id":"https:\/\/www.scotsman.sk\/de\/produkt\/scotsman-crush-man-360\/#primaryimage"},"thumbnailUrl":"https:\/\/www.scotsman.sk\/wp-content\/uploads\/2026\/02\/crushman_360_1-800x600-3.jpg","datePublished":"2026-02-26T14:03:02+00:00","dateModified":"2026-02-26T14:03:06+00:00","breadcrumb":{"@id":"https:\/\/www.scotsman.sk\/de\/produkt\/scotsman-crush-man-360\/#breadcrumb"},"inLanguage":"de","potentialAction":[{"@type":"ReadAction","target":["https:\/\/www.scotsman.sk\/de\/produkt\/scotsman-crush-man-360\/"]}]},{"@type":"ImageObject","inLanguage":"de","@id":"https:\/\/www.scotsman.sk\/de\/produkt\/scotsman-crush-man-360\/#primaryimage","url":"https:\/\/www.scotsman.sk\/wp-content\/uploads\/2026\/02\/crushman_360_1-800x600-3.jpg","contentUrl":"https:\/\/www.scotsman.sk\/wp-content\/uploads\/2026\/02\/crushman_360_1-800x600-3.jpg","width":600,"height":600},{"@type":"BreadcrumbList","@id":"https:\/\/www.scotsman.sk\/de\/produkt\/scotsman-crush-man-360\/#breadcrumb","itemListElement":[{"@type":"ListItem","position":1,"name":"Startseite","item":"https:\/\/www.scotsman.sk\/de\/"},{"@type":"ListItem","position":2,"name":"Produkte","item":"https:\/\/www.scotsman.sk\/de\/eshop\/"},{"@type":"ListItem","position":3,"name":"SCOTSMAN CRUSH-MAN 360"}]},{"@type":"WebSite","@id":"https:\/\/www.scotsman.sk\/de\/#website","url":"https:\/\/www.scotsman.sk\/de\/","name":"Scotsman","description":"","potentialAction":[{"@type":"SearchAction","target":{"@type":"EntryPoint","urlTemplate":"https:\/\/www.scotsman.sk\/de\/?s={search_term_string}"},"query-input":{"@type":"PropertyValueSpecification","valueRequired":true,"valueName":"search_term_string"}}],"inLanguage":"de"}]}},"_links":{"self":[{"href":"https:\/\/www.scotsman.sk\/de\/wp-json\/wp\/v2\/product\/21252","targetHints":{"allow":["GET"]}}],"collection":[{"href":"https:\/\/www.scotsman.sk\/de\/wp-json\/wp\/v2\/product"}],"about":[{"href":"https:\/\/www.scotsman.sk\/de\/wp-json\/wp\/v2\/types\/product"}],"replies":[{"embeddable":true,"href":"https:\/\/www.scotsman.sk\/de\/wp-json\/wp\/v2\/comments?post=21252"}],"wp:featuredmedia":[{"embeddable":true,"href":"https:\/\/www.scotsman.sk\/de\/wp-json\/wp\/v2\/media\/21253"}],"wp:attachment":[{"href":"https:\/\/www.scotsman.sk\/de\/wp-json\/wp\/v2\/media?parent=21252"}],"wp:term":[{"taxonomy":"product_brand","embeddable":true,"href":"https:\/\/www.scotsman.sk\/de\/wp-json\/wp\/v2\/product_brand?post=21252"},{"taxonomy":"product_cat","embeddable":true,"href":"https:\/\/www.scotsman.sk\/de\/wp-json\/wp\/v2\/product_cat?post=21252"},{"taxonomy":"product_tag","embeddable":true,"href":"https:\/\/www.scotsman.sk\/de\/wp-json\/wp\/v2\/product_tag?post=21252"}],"curies":[{"name":"wp","href":"https:\/\/api.w.org\/{rel}","templated":true}]}}