{"id":20701,"date":"2026-01-14T13:57:40","date_gmt":"2026-01-14T12:57:40","guid":{"rendered":"https:\/\/www.scotsman.sk\/?page_id=20701"},"modified":"2026-02-11T12:31:46","modified_gmt":"2026-02-11T11:31:46","slug":"datenschutzrichtlinie","status":"publish","type":"page","link":"https:\/\/www.scotsman.sk\/de\/datenschutzrichtlinie\/","title":{"rendered":"Datenschutzrichtlinie"},"content":{"rendered":"<h2>\u00dcber uns<\/h2>\n<p>Vorschlag: Unsere Website-Adresse lautet: https:\/\/www.scotsman.sk.<\/p>\n<h2>Kommentare<\/h2>\n<p>Vorschlag: Wenn Besucher Kommentare auf unserer Website hinterlassen, erfassen wir die im Kommentarformular angegebenen Daten sowie die IP-Adresse und den Browser-User-Agent der Nutzer zum Schutz vor Spam.<\/p>\n<p>Eine anonymisierte Zeichenfolge, die aus Ihrer E-Mail-Adresse erstellt wird (auch Hash genannt), kann an den Gravatar-Dienst \u00fcbermittelt werden, um Ihre Nutzung zu best\u00e4tigen. Die Datenschutzbestimmungen von Gravatar finden Sie unter: https:\/\/automattic.com\/privacy\/. Nach Freigabe Ihres Kommentars wird Ihr Profilbild zusammen mit dem Inhalt Ihres Kommentars \u00f6ffentlich angezeigt.<\/p>\n<h2>Multimedia<\/h2>\n<p>Vorschlag: Beim Hochladen von Bildern auf unsere Website sollten Sie darauf achten, keine Bilder mit EXIF-GPS-Standortdaten hochzuladen. Website-Besucher k\u00f6nnen diese Standortdaten aus den Bildern herunterladen und einsehen.<\/p>\n<h2>Cookies<\/h2>\n<p>Vorschlag: Wenn Sie einen Kommentar auf unserer Website hinzuf\u00fcgen, stimmen Sie der Speicherung Ihres Namens, Ihrer E-Mail-Adresse und Ihrer Website-Adresse in Cookies zu. Dies dient Ihrem Komfort, damit Sie Ihre Daten nicht erneut eingeben m\u00fcssen, wenn Sie einen weiteren Kommentar hinzuf\u00fcgen. Diese Cookies sind ein Jahr lang g\u00fcltig.<\/p>\n<p>Wenn Sie unsere Anmeldeseite besuchen, speichern wir tempor\u00e4re Cookies, um festzustellen, ob Ihr Browser Cookies akzeptiert. Diese Cookies enthalten keine personenbezogenen Daten und werden beim Schlie\u00dfen des Browsers gel\u00f6scht.<\/p>\n<p>Wenn Sie sich anmelden, setzen wir mehrere Cookies, um Ihre Anmeldedaten und Anzeigeeinstellungen zu speichern. Anmelde-Cookies sind zwei Tage lang g\u00fcltig, Anzeigeeinstellungen ein Jahr. Wenn Sie die Option \u201eAngemeldet bleiben\u201c ausw\u00e4hlen, bleibt Ihre Anmeldung zwei Wochen lang g\u00fcltig. Beim Abmelden werden die Cookies gel\u00f6scht.<\/p>\n<p>Wenn Sie einen Artikel bearbeiten oder ver\u00f6ffentlichen, werden zus\u00e4tzliche Cookies in Ihrem Browser gespeichert. Diese Cookies enthalten keine personenbezogenen Daten und beziehen sich lediglich auf die ID des bearbeiteten Artikels. Die Dateien sind einen Tag lang g\u00fcltig.<\/p>\n<h2>Eingebettete Inhalte von anderen Websites<\/h2>\n<p>Vorschlagstext: Artikel auf dieser Website k\u00f6nnen eingebettete Inhalte (z. B. Videos, Bilder, Artikel usw.) enthalten. Eingebettete Inhalte von anderen Websites verhalten sich so, als ob der Besucher eine andere Website besucht h\u00e4tte.<\/p>\n<p>Diese Websites k\u00f6nnen personenbezogene Daten \u00fcber Sie erfassen, Cookies verwenden, Tracking-Technologien von Drittanbietern einbetten und Ihre Interaktion mit den eingebetteten Inhalten \u00fcberwachen. Dies schlie\u00dft auch die \u00dcberwachung Ihrer Interaktion mit den eingebetteten Inhalten ein, wenn Sie ein Konto auf der jeweiligen Website besitzen und angemeldet sind.<\/p>\n<h2>An wen wir Ihre Daten weitergeben<\/h2>\n<p>Vorschlag: Wenn Sie ein neues Passwort anfordern, wird Ihre IP-Adresse in der E-Mail zum Zur\u00fccksetzen des Passworts angegeben.<\/p>\n<h2>Wie lange wir Ihre Daten speichern<\/h2>\n<p>Vorschlag: Wenn Sie einen Kommentar hinzuf\u00fcgen, werden der Kommentar und seine Metadaten separat gespeichert. Dadurch k\u00f6nnen wir zugeh\u00f6rige Kommentare automatisch erkennen und freigeben, ohne sie zur Moderation zur\u00fcckhalten zu m\u00fcssen.<\/p>\n<p>F\u00fcr Benutzer, die sich auf unserer Website registrieren (sofern vorhanden), speichern wir die von ihnen angegebenen personenbezogenen Daten in ihrem Benutzerprofil. Alle Benutzer k\u00f6nnen ihre personenbezogenen Daten jederzeit einsehen, bearbeiten oder l\u00f6schen (mit Ausnahme des Benutzernamens). Website-Administratoren k\u00f6nnen diese Informationen ebenfalls einsehen und bearbeiten.<\/p>\n<h2>Welche Rechte haben Sie an Ihren Daten?<\/h2>\n<p>Vorschlag: Wenn Sie ein Konto auf dieser Website haben oder einen Kommentar hinterlassen haben, k\u00f6nnen Sie eine Ausgabe Ihrer bei uns gespeicherten personenbezogenen Daten anfordern, einschlie\u00dflich der Daten, die Sie uns bereitgestellt haben. Sie k\u00f6nnen auch die L\u00f6schung Ihrer personenbezogenen Daten beantragen. Dies gilt nicht f\u00fcr Daten, die wir aus administrativen, rechtlichen oder Sicherheitsgr\u00fcnden \u00fcber Sie aufbewahren m\u00fcssen.<\/p>\n<h2>Wohin werden Ihre Daten gesendet?<\/h2>\n<p>Vorschlag: Besucherkommentare k\u00f6nnen von einem automatisierten Spam-Erkennungsdienst gepr\u00fcft werden.<\/p>\n","protected":false},"excerpt":{"rendered":"<p>\u00dcber uns Vorschlag: Unsere Website-Adresse lautet: https:\/\/www.scotsman.sk. Kommentare Vorschlag: Wenn Besucher Kommentare auf unserer Website hinterlassen, erfassen wir die im<\/p>\n","protected":false},"author":1,"featured_media":0,"parent":0,"menu_order":0,"comment_status":"closed","ping_status":"open","template":"","meta":{"footnotes":""},"class_list":["post-20701","page","type-page","status-publish","hentry"],"yoast_head":"<!-- This site is optimized with the Yoast SEO plugin v27.0 - https:\/\/yoast.com\/product\/yoast-seo-wordpress\/ -->\n<title>Datenschutzrichtlinie - Scotsman<\/title>\n<meta name=\"robots\" content=\"index, follow, max-snippet:-1, max-image-preview:large, max-video-preview:-1\" \/>\n<link rel=\"canonical\" href=\"https:\/\/www.scotsman.sk\/de\/datenschutzrichtlinie\/\" \/>\n<meta property=\"og:locale\" content=\"de_DE\" \/>\n<meta property=\"og:type\" content=\"article\" \/>\n<meta property=\"og:title\" content=\"Datenschutzrichtlinie - Scotsman\" \/>\n<meta property=\"og:description\" content=\"\u00dcber uns Vorschlag: Unsere Website-Adresse lautet: https:\/\/www.scotsman.sk. Kommentare Vorschlag: Wenn Besucher Kommentare auf unserer Website hinterlassen, erfassen wir die im\" \/>\n<meta property=\"og:url\" content=\"https:\/\/www.scotsman.sk\/de\/datenschutzrichtlinie\/\" \/>\n<meta property=\"og:site_name\" content=\"Scotsman\" \/>\n<meta property=\"article:modified_time\" content=\"2026-02-11T11:31:46+00:00\" \/>\n<meta name=\"twitter:card\" content=\"summary_large_image\" \/>\n<script type=\"application\/ld+json\" class=\"yoast-schema-graph\">{\"@context\":\"https:\/\/schema.org\",\"@graph\":[{\"@type\":\"WebPage\",\"@id\":\"https:\/\/www.scotsman.sk\/de\/datenschutzrichtlinie\/\",\"url\":\"https:\/\/www.scotsman.sk\/de\/datenschutzrichtlinie\/\",\"name\":\"Datenschutzrichtlinie - Scotsman\",\"isPartOf\":{\"@id\":\"https:\/\/www.scotsman.sk\/de\/#website\"},\"datePublished\":\"2026-01-14T12:57:40+00:00\",\"dateModified\":\"2026-02-11T11:31:46+00:00\",\"breadcrumb\":{\"@id\":\"https:\/\/www.scotsman.sk\/de\/datenschutzrichtlinie\/#breadcrumb\"},\"inLanguage\":\"de\",\"potentialAction\":[{\"@type\":\"ReadAction\",\"target\":[\"https:\/\/www.scotsman.sk\/de\/datenschutzrichtlinie\/\"]}]},{\"@type\":\"BreadcrumbList\",\"@id\":\"https:\/\/www.scotsman.sk\/de\/datenschutzrichtlinie\/#breadcrumb\",\"itemListElement\":[{\"@type\":\"ListItem\",\"position\":1,\"name\":\"Startseite\",\"item\":\"https:\/\/www.scotsman.sk\/de\/\"},{\"@type\":\"ListItem\",\"position\":2,\"name\":\"Datenschutzrichtlinie\"}]},{\"@type\":\"WebSite\",\"@id\":\"https:\/\/www.scotsman.sk\/de\/#website\",\"url\":\"https:\/\/www.scotsman.sk\/de\/\",\"name\":\"Scotsman\",\"description\":\"\",\"potentialAction\":[{\"@type\":\"SearchAction\",\"target\":{\"@type\":\"EntryPoint\",\"urlTemplate\":\"https:\/\/www.scotsman.sk\/de\/?s={search_term_string}\"},\"query-input\":{\"@type\":\"PropertyValueSpecification\",\"valueRequired\":true,\"valueName\":\"search_term_string\"}}],\"inLanguage\":\"de\"}]}<\/script>\n<!-- \/ Yoast SEO plugin. -->","yoast_head_json":{"title":"Datenschutzrichtlinie - Scotsman","robots":{"index":"index","follow":"follow","max-snippet":"max-snippet:-1","max-image-preview":"max-image-preview:large","max-video-preview":"max-video-preview:-1"},"canonical":"https:\/\/www.scotsman.sk\/de\/datenschutzrichtlinie\/","og_locale":"de_DE","og_type":"article","og_title":"Datenschutzrichtlinie - Scotsman","og_description":"\u00dcber uns Vorschlag: Unsere Website-Adresse lautet: https:\/\/www.scotsman.sk. Kommentare Vorschlag: Wenn Besucher Kommentare auf unserer Website hinterlassen, erfassen wir die im","og_url":"https:\/\/www.scotsman.sk\/de\/datenschutzrichtlinie\/","og_site_name":"Scotsman","article_modified_time":"2026-02-11T11:31:46+00:00","twitter_card":"summary_large_image","schema":{"@context":"https:\/\/schema.org","@graph":[{"@type":"WebPage","@id":"https:\/\/www.scotsman.sk\/de\/datenschutzrichtlinie\/","url":"https:\/\/www.scotsman.sk\/de\/datenschutzrichtlinie\/","name":"Datenschutzrichtlinie - Scotsman","isPartOf":{"@id":"https:\/\/www.scotsman.sk\/de\/#website"},"datePublished":"2026-01-14T12:57:40+00:00","dateModified":"2026-02-11T11:31:46+00:00","breadcrumb":{"@id":"https:\/\/www.scotsman.sk\/de\/datenschutzrichtlinie\/#breadcrumb"},"inLanguage":"de","potentialAction":[{"@type":"ReadAction","target":["https:\/\/www.scotsman.sk\/de\/datenschutzrichtlinie\/"]}]},{"@type":"BreadcrumbList","@id":"https:\/\/www.scotsman.sk\/de\/datenschutzrichtlinie\/#breadcrumb","itemListElement":[{"@type":"ListItem","position":1,"name":"Startseite","item":"https:\/\/www.scotsman.sk\/de\/"},{"@type":"ListItem","position":2,"name":"Datenschutzrichtlinie"}]},{"@type":"WebSite","@id":"https:\/\/www.scotsman.sk\/de\/#website","url":"https:\/\/www.scotsman.sk\/de\/","name":"Scotsman","description":"","potentialAction":[{"@type":"SearchAction","target":{"@type":"EntryPoint","urlTemplate":"https:\/\/www.scotsman.sk\/de\/?s={search_term_string}"},"query-input":{"@type":"PropertyValueSpecification","valueRequired":true,"valueName":"search_term_string"}}],"inLanguage":"de"}]}},"_links":{"self":[{"href":"https:\/\/www.scotsman.sk\/de\/wp-json\/wp\/v2\/pages\/20701","targetHints":{"allow":["GET"]}}],"collection":[{"href":"https:\/\/www.scotsman.sk\/de\/wp-json\/wp\/v2\/pages"}],"about":[{"href":"https:\/\/www.scotsman.sk\/de\/wp-json\/wp\/v2\/types\/page"}],"author":[{"embeddable":true,"href":"https:\/\/www.scotsman.sk\/de\/wp-json\/wp\/v2\/users\/1"}],"replies":[{"embeddable":true,"href":"https:\/\/www.scotsman.sk\/de\/wp-json\/wp\/v2\/comments?post=20701"}],"version-history":[{"count":1,"href":"https:\/\/www.scotsman.sk\/de\/wp-json\/wp\/v2\/pages\/20701\/revisions"}],"predecessor-version":[{"id":20702,"href":"https:\/\/www.scotsman.sk\/de\/wp-json\/wp\/v2\/pages\/20701\/revisions\/20702"}],"wp:attachment":[{"href":"https:\/\/www.scotsman.sk\/de\/wp-json\/wp\/v2\/media?parent=20701"}],"curies":[{"name":"wp","href":"https:\/\/api.w.org\/{rel}","templated":true}]}}