{"id":20627,"date":"2026-01-22T11:20:12","date_gmt":"2026-01-22T10:20:12","guid":{"rendered":"https:\/\/www.scotsman.sk\/servis\/"},"modified":"2026-02-11T12:03:33","modified_gmt":"2026-02-11T11:03:33","slug":"service","status":"publish","type":"page","link":"https:\/\/www.scotsman.sk\/de\/service\/","title":{"rendered":"Service"},"content":{"rendered":"<p><div class=\"fusion-fullwidth fullwidth-box fusion-builder-row-1 fusion-flex-container has-pattern-background has-mask-background nonhundred-percent-fullwidth non-hundred-percent-height-scrolling\" style=\"--awb-border-radius-top-left:0px;--awb-border-radius-top-right:0px;--awb-border-radius-bottom-right:0px;--awb-border-radius-bottom-left:0px;--awb-margin-bottom:39px;--awb-flex-wrap:wrap;\" ><div class=\"fusion-builder-row fusion-row fusion-flex-align-items-flex-start fusion-flex-content-wrap\" style=\"max-width:1216.8px;margin-left: calc(-4% \/ 2 );margin-right: calc(-4% \/ 2 );\"><div class=\"fusion-layout-column fusion_builder_column fusion-builder-column-0 fusion_builder_column_1_1 1_1 fusion-flex-column\" style=\"--awb-bg-size:cover;--awb-width-large:100%;--awb-margin-top-large:15px;--awb-spacing-right-large:1.92%;--awb-margin-bottom-large:15px;--awb-spacing-left-large:1.92%;--awb-width-medium:100%;--awb-order-medium:0;--awb-spacing-right-medium:1.92%;--awb-spacing-left-medium:1.92%;--awb-width-small:100%;--awb-order-small:0;--awb-spacing-right-small:1.92%;--awb-spacing-left-small:1.92%;\"><div class=\"fusion-column-wrapper fusion-column-has-shadow fusion-flex-justify-content-flex-start fusion-content-layout-column\"><div class=\"fusion-image-element \" style=\"--awb-caption-title-font-family:var(--h2_typography-font-family);--awb-caption-title-font-weight:var(--h2_typography-font-weight);--awb-caption-title-font-style:var(--h2_typography-font-style);--awb-caption-title-size:var(--h2_typography-font-size);--awb-caption-title-transform:var(--h2_typography-text-transform);--awb-caption-title-line-height:var(--h2_typography-line-height);--awb-caption-title-letter-spacing:var(--h2_typography-letter-spacing);\"><span class=\" fusion-imageframe imageframe-none imageframe-1 hover-type-none\"><img decoding=\"async\" width=\"2000\" height=\"485\" title=\"servis\" src=\"https:\/\/www.scotsman.sk\/wp-content\/uploads\/2026\/01\/servis.jpg\" data-orig-src=\"https:\/\/www.scotsman.sk\/wp-content\/uploads\/2026\/01\/servis.jpg\" alt class=\"lazyload img-responsive wp-image-20623\" srcset=\"data:image\/svg+xml,%3Csvg%20xmlns%3D%27http%3A%2F%2Fwww.w3.org%2F2000%2Fsvg%27%20width%3D%272000%27%20height%3D%27485%27%20viewBox%3D%270%200%202000%20485%27%3E%3Crect%20width%3D%272000%27%20height%3D%27485%27%20fill-opacity%3D%220%22%2F%3E%3C%2Fsvg%3E\" data-srcset=\"https:\/\/www.scotsman.sk\/wp-content\/uploads\/2026\/01\/servis-200x49.jpg 200w, https:\/\/www.scotsman.sk\/wp-content\/uploads\/2026\/01\/servis-400x97.jpg 400w, https:\/\/www.scotsman.sk\/wp-content\/uploads\/2026\/01\/servis-600x146.jpg 600w, https:\/\/www.scotsman.sk\/wp-content\/uploads\/2026\/01\/servis-800x194.jpg 800w, https:\/\/www.scotsman.sk\/wp-content\/uploads\/2026\/01\/servis-1200x291.jpg 1200w, https:\/\/www.scotsman.sk\/wp-content\/uploads\/2026\/01\/servis.jpg 2000w\" data-sizes=\"auto\" data-orig-sizes=\"(max-width: 1024px) 100vw, (max-width: 640px) 100vw, 1200px\" \/><\/span><\/div><\/div><\/div><\/div><\/div><div class=\"fusion-fullwidth fullwidth-box fusion-builder-row-2 fusion-flex-container has-pattern-background has-mask-background nonhundred-percent-fullwidth non-hundred-percent-height-scrolling\" style=\"--awb-border-radius-top-left:0px;--awb-border-radius-top-right:0px;--awb-border-radius-bottom-right:0px;--awb-border-radius-bottom-left:0px;--awb-flex-wrap:wrap;\" ><div class=\"fusion-builder-row fusion-row fusion-flex-align-items-flex-start fusion-flex-content-wrap\" style=\"max-width:1216.8px;margin-left: calc(-4% \/ 2 );margin-right: calc(-4% \/ 2 );\"><div class=\"fusion-layout-column fusion_builder_column fusion-builder-column-1 fusion_builder_column_1_3 1_3 fusion-flex-column\" style=\"--awb-bg-size:cover;--awb-width-large:33.3333333333%;--awb-margin-top-large:15px;--awb-spacing-right-large:5.76%;--awb-margin-bottom-large:15px;--awb-spacing-left-large:5.76%;--awb-width-medium:100%;--awb-order-medium:0;--awb-spacing-right-medium:1.92%;--awb-spacing-left-medium:1.92%;--awb-width-small:100%;--awb-order-small:0;--awb-spacing-right-small:1.92%;--awb-spacing-left-small:1.92%;\"><div class=\"fusion-column-wrapper fusion-column-has-shadow fusion-flex-justify-content-flex-start fusion-content-layout-column\"><div class=\"fusion-image-element \" style=\"--awb-margin-bottom:40px;--awb-caption-title-font-family:var(--h2_typography-font-family);--awb-caption-title-font-weight:var(--h2_typography-font-weight);--awb-caption-title-font-style:var(--h2_typography-font-style);--awb-caption-title-size:var(--h2_typography-font-size);--awb-caption-title-transform:var(--h2_typography-text-transform);--awb-caption-title-line-height:var(--h2_typography-line-height);--awb-caption-title-letter-spacing:var(--h2_typography-letter-spacing);\"><span class=\" fusion-imageframe imageframe-none imageframe-2 hover-type-none\"><img decoding=\"async\" width=\"1204\" height=\"284\" title=\"Scotsman\" src=\"https:\/\/www.scotsman.sk\/wp-content\/uploads\/2026\/01\/Scotsman.png\" data-orig-src=\"https:\/\/www.scotsman.sk\/wp-content\/uploads\/2026\/01\/Scotsman.png\" alt class=\"lazyload img-responsive wp-image-20624\" srcset=\"data:image\/svg+xml,%3Csvg%20xmlns%3D%27http%3A%2F%2Fwww.w3.org%2F2000%2Fsvg%27%20width%3D%271204%27%20height%3D%27284%27%20viewBox%3D%270%200%201204%20284%27%3E%3Crect%20width%3D%271204%27%20height%3D%27284%27%20fill-opacity%3D%220%22%2F%3E%3C%2Fsvg%3E\" data-srcset=\"https:\/\/www.scotsman.sk\/wp-content\/uploads\/2026\/01\/Scotsman-200x47.png 200w, https:\/\/www.scotsman.sk\/wp-content\/uploads\/2026\/01\/Scotsman-400x94.png 400w, https:\/\/www.scotsman.sk\/wp-content\/uploads\/2026\/01\/Scotsman-600x142.png 600w, https:\/\/www.scotsman.sk\/wp-content\/uploads\/2026\/01\/Scotsman-800x189.png 800w, https:\/\/www.scotsman.sk\/wp-content\/uploads\/2026\/01\/Scotsman-1200x283.png 1200w, https:\/\/www.scotsman.sk\/wp-content\/uploads\/2026\/01\/Scotsman.png 1204w\" data-sizes=\"auto\" data-orig-sizes=\"(max-width: 1024px) 100vw, (max-width: 640px) 100vw, 400px\" \/><\/span><\/div><div class=\"fusion-text fusion-text-1\"><p><strong>Service<\/strong><br \/><a href=\"tel:+421948141448\">+421 948 14 14 48<\/a><br \/><a href=\"mailto:support@scotsman.sk\">support@scotsman.sk<\/a><\/p>\n<\/div><div class=\"fusion-text fusion-text-2\" style=\"--awb-margin-top:20px;\"><p><strong>Lieferort f\u00fcr Serviceleistungen<\/strong><br \/>\n<a href=\"tel:+421948423325\">+421948 423 325<\/a><br \/>\n<a href=\"mailto:support@scotsman.sk\">support@scotsman.sk<\/a><\/p>\n<\/div><\/div><\/div><div class=\"fusion-layout-column fusion_builder_column fusion-builder-column-2 fusion_builder_column_2_3 2_3 fusion-flex-column\" style=\"--awb-bg-size:cover;--awb-width-large:66.6666666667%;--awb-margin-top-large:15px;--awb-spacing-right-large:2.88%;--awb-margin-bottom-large:15px;--awb-spacing-left-large:2.88%;--awb-width-medium:100%;--awb-order-medium:0;--awb-spacing-right-medium:1.92%;--awb-spacing-left-medium:1.92%;--awb-width-small:100%;--awb-order-small:0;--awb-spacing-right-small:1.92%;--awb-spacing-left-small:1.92%;\"><div class=\"fusion-column-wrapper fusion-column-has-shadow fusion-flex-justify-content-flex-start fusion-content-layout-column\"><div class=\"fusion-text fusion-text-3\"><p>Unser Unternehmensziel ist erstklassiger Service. Wir wissen und sind uns insbesondere bewusst, dass unsere Arbeit erst mit dem Verkauf einer Eismaschine beginnt, weshalb der Kundendienst f\u00fcr unsere Ger\u00e4te h\u00f6chste Priorit\u00e4t hat.<\/p>\n<p><strong>Wir sind bestrebt, unseren Kunden die Gewissheit zu geben, dass wir im Falle eines Maschinenausfalls die Maschine sofort reparieren k\u00f6nnen. Deshalb sind unsere geschulten Techniker so wichtig:<\/strong><\/p>\n<ul>\n<li>Wir besuchen regelm\u00e4\u00dfig Schulungen von Scotsman-Maschinen in ganz Europa und diskutieren dort \u00fcber neue Produkte<\/li>\n<li>Wir suchen nach alternativen L\u00f6sungen f\u00fcr Fehler an unseren eigenen Maschinen, um die Reparaturzeit zu verk\u00fcrzen<\/li>\n<li>Wir sind absolute Maschinenfanatiker und beheben 50 % der Fehler telefonisch mit Hilfe eines teilweise fachkundigen Kunden, da diese au\u00dferhalb der Maschine entstehen (Wasser, Strom)<\/li>\n<li>Wir sind oft unterwegs, daher sind wir immer in Ihrer N\u00e4he<\/li>\n<li>Unser Zentrallager in Nitra verf\u00fcgt \u00fcber eine sehr gute logistische Lage f\u00fcr die gesamte Slowakei<\/li>\n<\/ul>\n<\/div><\/div><\/div><\/div><\/div><\/p>\n","protected":false},"excerpt":{"rendered":"","protected":false},"author":1,"featured_media":0,"parent":0,"menu_order":0,"comment_status":"closed","ping_status":"closed","template":"","meta":{"footnotes":""},"class_list":["post-20627","page","type-page","status-publish","hentry"],"yoast_head":"<!-- This site is optimized with the Yoast SEO plugin v27.0 - https:\/\/yoast.com\/product\/yoast-seo-wordpress\/ -->\n<title>Service - Scotsman<\/title>\n<meta name=\"robots\" content=\"index, follow, max-snippet:-1, max-image-preview:large, max-video-preview:-1\" \/>\n<link rel=\"canonical\" href=\"https:\/\/www.scotsman.sk\/de\/service\/\" \/>\n<meta property=\"og:locale\" content=\"de_DE\" \/>\n<meta property=\"og:type\" content=\"article\" \/>\n<meta property=\"og:title\" content=\"Service - Scotsman\" \/>\n<meta property=\"og:url\" content=\"https:\/\/www.scotsman.sk\/de\/service\/\" \/>\n<meta property=\"og:site_name\" content=\"Scotsman\" \/>\n<meta property=\"article:modified_time\" content=\"2026-02-11T11:03:33+00:00\" \/>\n<meta name=\"twitter:card\" content=\"summary_large_image\" \/>\n<meta name=\"twitter:label1\" content=\"Gesch\u00e4tzte Lesezeit\" \/>\n\t<meta name=\"twitter:data1\" content=\"2\u00a0Minuten\" \/>\n<script type=\"application\/ld+json\" class=\"yoast-schema-graph\">{\"@context\":\"https:\/\/schema.org\",\"@graph\":[{\"@type\":\"WebPage\",\"@id\":\"https:\/\/www.scotsman.sk\/de\/service\/\",\"url\":\"https:\/\/www.scotsman.sk\/de\/service\/\",\"name\":\"Service - Scotsman\",\"isPartOf\":{\"@id\":\"https:\/\/www.scotsman.sk\/de\/#website\"},\"datePublished\":\"2026-01-22T10:20:12+00:00\",\"dateModified\":\"2026-02-11T11:03:33+00:00\",\"breadcrumb\":{\"@id\":\"https:\/\/www.scotsman.sk\/de\/service\/#breadcrumb\"},\"inLanguage\":\"de\",\"potentialAction\":[{\"@type\":\"ReadAction\",\"target\":[\"https:\/\/www.scotsman.sk\/de\/service\/\"]}]},{\"@type\":\"BreadcrumbList\",\"@id\":\"https:\/\/www.scotsman.sk\/de\/service\/#breadcrumb\",\"itemListElement\":[{\"@type\":\"ListItem\",\"position\":1,\"name\":\"Startseite\",\"item\":\"https:\/\/www.scotsman.sk\/de\/\"},{\"@type\":\"ListItem\",\"position\":2,\"name\":\"Service\"}]},{\"@type\":\"WebSite\",\"@id\":\"https:\/\/www.scotsman.sk\/de\/#website\",\"url\":\"https:\/\/www.scotsman.sk\/de\/\",\"name\":\"Scotsman\",\"description\":\"\",\"potentialAction\":[{\"@type\":\"SearchAction\",\"target\":{\"@type\":\"EntryPoint\",\"urlTemplate\":\"https:\/\/www.scotsman.sk\/de\/?s={search_term_string}\"},\"query-input\":{\"@type\":\"PropertyValueSpecification\",\"valueRequired\":true,\"valueName\":\"search_term_string\"}}],\"inLanguage\":\"de\"}]}<\/script>\n<!-- \/ Yoast SEO plugin. -->","yoast_head_json":{"title":"Service - Scotsman","robots":{"index":"index","follow":"follow","max-snippet":"max-snippet:-1","max-image-preview":"max-image-preview:large","max-video-preview":"max-video-preview:-1"},"canonical":"https:\/\/www.scotsman.sk\/de\/service\/","og_locale":"de_DE","og_type":"article","og_title":"Service - Scotsman","og_url":"https:\/\/www.scotsman.sk\/de\/service\/","og_site_name":"Scotsman","article_modified_time":"2026-02-11T11:03:33+00:00","twitter_card":"summary_large_image","twitter_misc":{"Gesch\u00e4tzte Lesezeit":"2\u00a0Minuten"},"schema":{"@context":"https:\/\/schema.org","@graph":[{"@type":"WebPage","@id":"https:\/\/www.scotsman.sk\/de\/service\/","url":"https:\/\/www.scotsman.sk\/de\/service\/","name":"Service - Scotsman","isPartOf":{"@id":"https:\/\/www.scotsman.sk\/de\/#website"},"datePublished":"2026-01-22T10:20:12+00:00","dateModified":"2026-02-11T11:03:33+00:00","breadcrumb":{"@id":"https:\/\/www.scotsman.sk\/de\/service\/#breadcrumb"},"inLanguage":"de","potentialAction":[{"@type":"ReadAction","target":["https:\/\/www.scotsman.sk\/de\/service\/"]}]},{"@type":"BreadcrumbList","@id":"https:\/\/www.scotsman.sk\/de\/service\/#breadcrumb","itemListElement":[{"@type":"ListItem","position":1,"name":"Startseite","item":"https:\/\/www.scotsman.sk\/de\/"},{"@type":"ListItem","position":2,"name":"Service"}]},{"@type":"WebSite","@id":"https:\/\/www.scotsman.sk\/de\/#website","url":"https:\/\/www.scotsman.sk\/de\/","name":"Scotsman","description":"","potentialAction":[{"@type":"SearchAction","target":{"@type":"EntryPoint","urlTemplate":"https:\/\/www.scotsman.sk\/de\/?s={search_term_string}"},"query-input":{"@type":"PropertyValueSpecification","valueRequired":true,"valueName":"search_term_string"}}],"inLanguage":"de"}]}},"_links":{"self":[{"href":"https:\/\/www.scotsman.sk\/de\/wp-json\/wp\/v2\/pages\/20627","targetHints":{"allow":["GET"]}}],"collection":[{"href":"https:\/\/www.scotsman.sk\/de\/wp-json\/wp\/v2\/pages"}],"about":[{"href":"https:\/\/www.scotsman.sk\/de\/wp-json\/wp\/v2\/types\/page"}],"author":[{"embeddable":true,"href":"https:\/\/www.scotsman.sk\/de\/wp-json\/wp\/v2\/users\/1"}],"replies":[{"embeddable":true,"href":"https:\/\/www.scotsman.sk\/de\/wp-json\/wp\/v2\/comments?post=20627"}],"version-history":[{"count":4,"href":"https:\/\/www.scotsman.sk\/de\/wp-json\/wp\/v2\/pages\/20627\/revisions"}],"predecessor-version":[{"id":20683,"href":"https:\/\/www.scotsman.sk\/de\/wp-json\/wp\/v2\/pages\/20627\/revisions\/20683"}],"wp:attachment":[{"href":"https:\/\/www.scotsman.sk\/de\/wp-json\/wp\/v2\/media?parent=20627"}],"curies":[{"name":"wp","href":"https:\/\/api.w.org\/{rel}","templated":true}]}}