{"id":21917,"date":"2026-02-26T14:49:58","date_gmt":"2026-02-26T13:49:58","guid":{"rendered":"https:\/\/www.scotsman.sk\/produkt\/scotsman-nwl-608-ws-ox\/"},"modified":"2026-02-26T14:50:32","modified_gmt":"2026-02-26T13:50:32","slug":"scotsman-nwl-608-ws-ox","status":"publish","type":"product","link":"https:\/\/www.scotsman.sk\/cs\/produkt\/scotsman-nwl-608-ws-ox\/","title":{"rendered":"SCOTSMAN NWL-608-WS-OX"},"content":{"rendered":"<p>Druh ledu: Kostkov\u00fd<\/p>\n<p>Produkce ledu do (kg\/24h): 310<\/p>\n<p>Tvar ledu: L &#8211; Velk\u00e1 kostka<\/p>\n<p>Rozm\u011bry (mm): 760x620x575<\/p>\n<p>Typ chlazen\u00ed: Voda<\/p>\n<p>Chladivo: R452<\/p>\n<p>Hmotnost produktu (kg): 78<\/p>\n<p>Hmotnost balen\u00ed v kg: 92<\/p>\n<p>Rozm\u011bry balen\u00ed (cm): 83x69x77<\/p>\n<p>\u010c\u00edslo celn\u00edho sazebn\u00edku: 84186900<\/p>\n<p>: <\/p>\n","protected":false},"excerpt":{"rendered":"<p>Typ kostky: <strong>L<\/strong>arge &#8211; Velk\u00e1 kostka (15 g \/ L 28 mm \/ P 22 mm \/ H 28 mm)<\/p>\n","protected":false},"featured_media":21918,"comment_status":"closed","ping_status":"open","template":"","meta":[],"product_brand":[],"product_cat":[280,279],"product_tag":[],"class_list":{"0":"post-21917","1":"product","2":"type-product","3":"status-publish","4":"has-post-thumbnail","6":"product_cat-kostkove-vyrobniky-ledu","7":"product_cat-vyrobniky-ledu","8":"pa_chladivo-r452","9":"pa_cislo-celniho-sazebniku-278","10":"pa_druh-ledu-kostkovy","11":"pa_hmotnost-baleni-v-kg-318","12":"pa_hmotnost-produktu-kg-634","13":"pa_produkce-ledu-do-kg-24h-869","14":"pa_rozmery-baleni-cm-83x69x77","15":"pa_rozmery-mm-760x620x575","16":"pa_tvar-ledu-l-velka-kostka","17":"pa_typ-chlazeni-voda","19":"first","20":"instock","21":"purchasable","22":"product-type-simple"},"yoast_head":"<!-- This site is optimized with the Yoast SEO plugin v27.0 - https:\/\/yoast.com\/product\/yoast-seo-wordpress\/ -->\n<title>SCOTSMAN NWL-608-WS-OX - Scotsman<\/title>\n<meta name=\"robots\" content=\"index, follow, max-snippet:-1, max-image-preview:large, max-video-preview:-1\" \/>\n<link rel=\"canonical\" href=\"https:\/\/www.scotsman.sk\/cs\/produkt\/scotsman-nwl-608-ws-ox\/\" \/>\n<meta property=\"og:locale\" content=\"cs_CZ\" \/>\n<meta property=\"og:type\" content=\"article\" \/>\n<meta property=\"og:title\" content=\"SCOTSMAN NWL-608-WS-OX - Scotsman\" \/>\n<meta property=\"og:description\" content=\"Typ kostky: Large - Velk\u00e1 kostka (15 g \/ L 28 mm \/ P 22 mm \/ H 28 mm)\" \/>\n<meta property=\"og:url\" content=\"https:\/\/www.scotsman.sk\/cs\/produkt\/scotsman-nwl-608-ws-ox\/\" \/>\n<meta property=\"og:site_name\" content=\"Scotsman\" \/>\n<meta property=\"article:modified_time\" content=\"2026-02-26T13:50:32+00:00\" \/>\n<meta property=\"og:image\" content=\"https:\/\/www.scotsman.sk\/wp-content\/uploads\/2026\/02\/scotsman_nw_608-800x600-8.jpg\" \/>\n\t<meta property=\"og:image:width\" content=\"500\" \/>\n\t<meta property=\"og:image:height\" content=\"500\" \/>\n\t<meta property=\"og:image:type\" content=\"image\/jpeg\" \/>\n<meta name=\"twitter:card\" content=\"summary_large_image\" \/>\n<script type=\"application\/ld+json\" class=\"yoast-schema-graph\">{\"@context\":\"https:\/\/schema.org\",\"@graph\":[{\"@type\":\"WebPage\",\"@id\":\"https:\/\/www.scotsman.sk\/cs\/produkt\/scotsman-nwl-608-ws-ox\/\",\"url\":\"https:\/\/www.scotsman.sk\/cs\/produkt\/scotsman-nwl-608-ws-ox\/\",\"name\":\"SCOTSMAN NWL-608-WS-OX - Scotsman\",\"isPartOf\":{\"@id\":\"https:\/\/www.scotsman.sk\/cs\/#website\"},\"primaryImageOfPage\":{\"@id\":\"https:\/\/www.scotsman.sk\/cs\/produkt\/scotsman-nwl-608-ws-ox\/#primaryimage\"},\"image\":{\"@id\":\"https:\/\/www.scotsman.sk\/cs\/produkt\/scotsman-nwl-608-ws-ox\/#primaryimage\"},\"thumbnailUrl\":\"https:\/\/www.scotsman.sk\/wp-content\/uploads\/2026\/02\/scotsman_nw_608-800x600-8.jpg\",\"datePublished\":\"2026-02-26T13:49:58+00:00\",\"dateModified\":\"2026-02-26T13:50:32+00:00\",\"breadcrumb\":{\"@id\":\"https:\/\/www.scotsman.sk\/cs\/produkt\/scotsman-nwl-608-ws-ox\/#breadcrumb\"},\"inLanguage\":\"cs\",\"potentialAction\":[{\"@type\":\"ReadAction\",\"target\":[\"https:\/\/www.scotsman.sk\/cs\/produkt\/scotsman-nwl-608-ws-ox\/\"]}]},{\"@type\":\"ImageObject\",\"inLanguage\":\"cs\",\"@id\":\"https:\/\/www.scotsman.sk\/cs\/produkt\/scotsman-nwl-608-ws-ox\/#primaryimage\",\"url\":\"https:\/\/www.scotsman.sk\/wp-content\/uploads\/2026\/02\/scotsman_nw_608-800x600-8.jpg\",\"contentUrl\":\"https:\/\/www.scotsman.sk\/wp-content\/uploads\/2026\/02\/scotsman_nw_608-800x600-8.jpg\",\"width\":500,\"height\":500},{\"@type\":\"BreadcrumbList\",\"@id\":\"https:\/\/www.scotsman.sk\/cs\/produkt\/scotsman-nwl-608-ws-ox\/#breadcrumb\",\"itemListElement\":[{\"@type\":\"ListItem\",\"position\":1,\"name\":\"Domovsk\u00e1 str\u00e1nka\",\"item\":\"https:\/\/www.scotsman.sk\/cs\/\"},{\"@type\":\"ListItem\",\"position\":2,\"name\":\"Produkty\",\"item\":\"https:\/\/www.scotsman.sk\/cs\/eshop\/\"},{\"@type\":\"ListItem\",\"position\":3,\"name\":\"SCOTSMAN NWL-608-WS-OX\"}]},{\"@type\":\"WebSite\",\"@id\":\"https:\/\/www.scotsman.sk\/cs\/#website\",\"url\":\"https:\/\/www.scotsman.sk\/cs\/\",\"name\":\"Scotsman\",\"description\":\"\",\"potentialAction\":[{\"@type\":\"SearchAction\",\"target\":{\"@type\":\"EntryPoint\",\"urlTemplate\":\"https:\/\/www.scotsman.sk\/cs\/?s={search_term_string}\"},\"query-input\":{\"@type\":\"PropertyValueSpecification\",\"valueRequired\":true,\"valueName\":\"search_term_string\"}}],\"inLanguage\":\"cs\"}]}<\/script>\n<!-- \/ Yoast SEO plugin. -->","yoast_head_json":{"title":"SCOTSMAN NWL-608-WS-OX - Scotsman","robots":{"index":"index","follow":"follow","max-snippet":"max-snippet:-1","max-image-preview":"max-image-preview:large","max-video-preview":"max-video-preview:-1"},"canonical":"https:\/\/www.scotsman.sk\/cs\/produkt\/scotsman-nwl-608-ws-ox\/","og_locale":"cs_CZ","og_type":"article","og_title":"SCOTSMAN NWL-608-WS-OX - Scotsman","og_description":"Typ kostky: Large - Velk\u00e1 kostka (15 g \/ L 28 mm \/ P 22 mm \/ H 28 mm)","og_url":"https:\/\/www.scotsman.sk\/cs\/produkt\/scotsman-nwl-608-ws-ox\/","og_site_name":"Scotsman","article_modified_time":"2026-02-26T13:50:32+00:00","og_image":[{"width":500,"height":500,"url":"https:\/\/www.scotsman.sk\/wp-content\/uploads\/2026\/02\/scotsman_nw_608-800x600-8.jpg","type":"image\/jpeg"}],"twitter_card":"summary_large_image","schema":{"@context":"https:\/\/schema.org","@graph":[{"@type":"WebPage","@id":"https:\/\/www.scotsman.sk\/cs\/produkt\/scotsman-nwl-608-ws-ox\/","url":"https:\/\/www.scotsman.sk\/cs\/produkt\/scotsman-nwl-608-ws-ox\/","name":"SCOTSMAN NWL-608-WS-OX - Scotsman","isPartOf":{"@id":"https:\/\/www.scotsman.sk\/cs\/#website"},"primaryImageOfPage":{"@id":"https:\/\/www.scotsman.sk\/cs\/produkt\/scotsman-nwl-608-ws-ox\/#primaryimage"},"image":{"@id":"https:\/\/www.scotsman.sk\/cs\/produkt\/scotsman-nwl-608-ws-ox\/#primaryimage"},"thumbnailUrl":"https:\/\/www.scotsman.sk\/wp-content\/uploads\/2026\/02\/scotsman_nw_608-800x600-8.jpg","datePublished":"2026-02-26T13:49:58+00:00","dateModified":"2026-02-26T13:50:32+00:00","breadcrumb":{"@id":"https:\/\/www.scotsman.sk\/cs\/produkt\/scotsman-nwl-608-ws-ox\/#breadcrumb"},"inLanguage":"cs","potentialAction":[{"@type":"ReadAction","target":["https:\/\/www.scotsman.sk\/cs\/produkt\/scotsman-nwl-608-ws-ox\/"]}]},{"@type":"ImageObject","inLanguage":"cs","@id":"https:\/\/www.scotsman.sk\/cs\/produkt\/scotsman-nwl-608-ws-ox\/#primaryimage","url":"https:\/\/www.scotsman.sk\/wp-content\/uploads\/2026\/02\/scotsman_nw_608-800x600-8.jpg","contentUrl":"https:\/\/www.scotsman.sk\/wp-content\/uploads\/2026\/02\/scotsman_nw_608-800x600-8.jpg","width":500,"height":500},{"@type":"BreadcrumbList","@id":"https:\/\/www.scotsman.sk\/cs\/produkt\/scotsman-nwl-608-ws-ox\/#breadcrumb","itemListElement":[{"@type":"ListItem","position":1,"name":"Domovsk\u00e1 str\u00e1nka","item":"https:\/\/www.scotsman.sk\/cs\/"},{"@type":"ListItem","position":2,"name":"Produkty","item":"https:\/\/www.scotsman.sk\/cs\/eshop\/"},{"@type":"ListItem","position":3,"name":"SCOTSMAN NWL-608-WS-OX"}]},{"@type":"WebSite","@id":"https:\/\/www.scotsman.sk\/cs\/#website","url":"https:\/\/www.scotsman.sk\/cs\/","name":"Scotsman","description":"","potentialAction":[{"@type":"SearchAction","target":{"@type":"EntryPoint","urlTemplate":"https:\/\/www.scotsman.sk\/cs\/?s={search_term_string}"},"query-input":{"@type":"PropertyValueSpecification","valueRequired":true,"valueName":"search_term_string"}}],"inLanguage":"cs"}]}},"_links":{"self":[{"href":"https:\/\/www.scotsman.sk\/cs\/wp-json\/wp\/v2\/product\/21917","targetHints":{"allow":["GET"]}}],"collection":[{"href":"https:\/\/www.scotsman.sk\/cs\/wp-json\/wp\/v2\/product"}],"about":[{"href":"https:\/\/www.scotsman.sk\/cs\/wp-json\/wp\/v2\/types\/product"}],"replies":[{"embeddable":true,"href":"https:\/\/www.scotsman.sk\/cs\/wp-json\/wp\/v2\/comments?post=21917"}],"wp:featuredmedia":[{"embeddable":true,"href":"https:\/\/www.scotsman.sk\/cs\/wp-json\/wp\/v2\/media\/21918"}],"wp:attachment":[{"href":"https:\/\/www.scotsman.sk\/cs\/wp-json\/wp\/v2\/media?parent=21917"}],"wp:term":[{"taxonomy":"product_brand","embeddable":true,"href":"https:\/\/www.scotsman.sk\/cs\/wp-json\/wp\/v2\/product_brand?post=21917"},{"taxonomy":"product_cat","embeddable":true,"href":"https:\/\/www.scotsman.sk\/cs\/wp-json\/wp\/v2\/product_cat?post=21917"},{"taxonomy":"product_tag","embeddable":true,"href":"https:\/\/www.scotsman.sk\/cs\/wp-json\/wp\/v2\/product_tag?post=21917"}],"curies":[{"name":"wp","href":"https:\/\/api.w.org\/{rel}","templated":true}]}}