{"id":21901,"date":"2026-02-26T14:49:58","date_gmt":"2026-02-26T13:49:58","guid":{"rendered":"https:\/\/www.scotsman.sk\/produkt\/scotsman-nwh-1408-as-ox\/"},"modified":"2026-02-26T14:50:13","modified_gmt":"2026-02-26T13:50:13","slug":"scotsman-nwh-1408-as-ox","status":"publish","type":"product","link":"https:\/\/www.scotsman.sk\/cs\/produkt\/scotsman-nwh-1408-as-ox\/","title":{"rendered":"SCOTSMAN NWH-1408-AS-OX"},"content":{"rendered":"<p>Druh ledu: Kostkov\u00fd<\/p>\n<p>Produkce ledu do (kg\/24h): 640<\/p>\n<p>Tvar ledu: H &#8211; Mal\u00e1 kostka<\/p>\n<p>Rozm\u011bry (mm): 765x610x1000<\/p>\n<p>Typ chlazen\u00ed: Vzduch<\/p>\n<p>Chladivo: R452<\/p>\n<p>Hmotnost produktu (kg): 130<\/p>\n<p>Hmotnost balen\u00ed v kg: 145<\/p>\n<p>Rozm\u011bry balen\u00ed (cm): 83x69x116<\/p>\n<p>\u010c\u00edslo celn\u00edho sazebn\u00edku: 84186900<\/p>\n<p>: <\/p>\n","protected":false},"excerpt":{"rendered":"<p>Typ kostky: <strong>H<\/strong>alf Dice \/ Mal\u00e1 kostka (6 g \/ L 10 mm \/ P 22 mm \/ H 28 mm)<\/p>\n","protected":false},"featured_media":21902,"comment_status":"closed","ping_status":"open","template":"","meta":[],"product_brand":[],"product_cat":[280,279],"product_tag":[],"class_list":{"0":"post-21901","1":"product","2":"type-product","3":"status-publish","4":"has-post-thumbnail","6":"product_cat-kostkove-vyrobniky-ledu","7":"product_cat-vyrobniky-ledu","8":"pa_chladivo-r452","9":"pa_cislo-celniho-sazebniku-278","10":"pa_druh-ledu-kostkovy","11":"pa_hmotnost-baleni-v-kg-861","12":"pa_hmotnost-produktu-kg-682","13":"pa_produkce-ledu-do-kg-24h-824","14":"pa_rozmery-baleni-cm-83x69x116","15":"pa_rozmery-mm-765x610x1000","16":"pa_tvar-ledu-h-mala-kostka","17":"pa_typ-chlazeni-vzduch","19":"first","20":"instock","21":"purchasable","22":"product-type-simple"},"yoast_head":"<!-- This site is optimized with the Yoast SEO plugin v27.0 - https:\/\/yoast.com\/product\/yoast-seo-wordpress\/ -->\n<title>SCOTSMAN NWH-1408-AS-OX - Scotsman<\/title>\n<meta name=\"robots\" content=\"index, follow, max-snippet:-1, max-image-preview:large, max-video-preview:-1\" \/>\n<link rel=\"canonical\" href=\"https:\/\/www.scotsman.sk\/cs\/produkt\/scotsman-nwh-1408-as-ox\/\" \/>\n<meta property=\"og:locale\" content=\"cs_CZ\" \/>\n<meta property=\"og:type\" content=\"article\" \/>\n<meta property=\"og:title\" content=\"SCOTSMAN NWH-1408-AS-OX - Scotsman\" \/>\n<meta property=\"og:description\" content=\"Typ kostky: Half Dice \/ Mal\u00e1 kostka (6 g \/ L 10 mm \/ P 22 mm \/ H 28 mm)\" \/>\n<meta property=\"og:url\" content=\"https:\/\/www.scotsman.sk\/cs\/produkt\/scotsman-nwh-1408-as-ox\/\" \/>\n<meta property=\"og:site_name\" content=\"Scotsman\" \/>\n<meta property=\"article:modified_time\" content=\"2026-02-26T13:50:13+00:00\" \/>\n<meta property=\"og:image\" content=\"https:\/\/www.scotsman.sk\/wp-content\/uploads\/2026\/02\/scotsman_nw_1408-800x600-12.jpg\" \/>\n\t<meta property=\"og:image:width\" content=\"500\" \/>\n\t<meta property=\"og:image:height\" content=\"500\" \/>\n\t<meta property=\"og:image:type\" content=\"image\/jpeg\" \/>\n<meta name=\"twitter:card\" content=\"summary_large_image\" \/>\n<script type=\"application\/ld+json\" class=\"yoast-schema-graph\">{\"@context\":\"https:\/\/schema.org\",\"@graph\":[{\"@type\":\"WebPage\",\"@id\":\"https:\/\/www.scotsman.sk\/cs\/produkt\/scotsman-nwh-1408-as-ox\/\",\"url\":\"https:\/\/www.scotsman.sk\/cs\/produkt\/scotsman-nwh-1408-as-ox\/\",\"name\":\"SCOTSMAN NWH-1408-AS-OX - Scotsman\",\"isPartOf\":{\"@id\":\"https:\/\/www.scotsman.sk\/cs\/#website\"},\"primaryImageOfPage\":{\"@id\":\"https:\/\/www.scotsman.sk\/cs\/produkt\/scotsman-nwh-1408-as-ox\/#primaryimage\"},\"image\":{\"@id\":\"https:\/\/www.scotsman.sk\/cs\/produkt\/scotsman-nwh-1408-as-ox\/#primaryimage\"},\"thumbnailUrl\":\"https:\/\/www.scotsman.sk\/wp-content\/uploads\/2026\/02\/scotsman_nw_1408-800x600-12.jpg\",\"datePublished\":\"2026-02-26T13:49:58+00:00\",\"dateModified\":\"2026-02-26T13:50:13+00:00\",\"breadcrumb\":{\"@id\":\"https:\/\/www.scotsman.sk\/cs\/produkt\/scotsman-nwh-1408-as-ox\/#breadcrumb\"},\"inLanguage\":\"cs\",\"potentialAction\":[{\"@type\":\"ReadAction\",\"target\":[\"https:\/\/www.scotsman.sk\/cs\/produkt\/scotsman-nwh-1408-as-ox\/\"]}]},{\"@type\":\"ImageObject\",\"inLanguage\":\"cs\",\"@id\":\"https:\/\/www.scotsman.sk\/cs\/produkt\/scotsman-nwh-1408-as-ox\/#primaryimage\",\"url\":\"https:\/\/www.scotsman.sk\/wp-content\/uploads\/2026\/02\/scotsman_nw_1408-800x600-12.jpg\",\"contentUrl\":\"https:\/\/www.scotsman.sk\/wp-content\/uploads\/2026\/02\/scotsman_nw_1408-800x600-12.jpg\",\"width\":500,\"height\":500},{\"@type\":\"BreadcrumbList\",\"@id\":\"https:\/\/www.scotsman.sk\/cs\/produkt\/scotsman-nwh-1408-as-ox\/#breadcrumb\",\"itemListElement\":[{\"@type\":\"ListItem\",\"position\":1,\"name\":\"Domovsk\u00e1 str\u00e1nka\",\"item\":\"https:\/\/www.scotsman.sk\/cs\/\"},{\"@type\":\"ListItem\",\"position\":2,\"name\":\"Produkty\",\"item\":\"https:\/\/www.scotsman.sk\/cs\/eshop\/\"},{\"@type\":\"ListItem\",\"position\":3,\"name\":\"SCOTSMAN NWH-1408-AS-OX\"}]},{\"@type\":\"WebSite\",\"@id\":\"https:\/\/www.scotsman.sk\/cs\/#website\",\"url\":\"https:\/\/www.scotsman.sk\/cs\/\",\"name\":\"Scotsman\",\"description\":\"\",\"potentialAction\":[{\"@type\":\"SearchAction\",\"target\":{\"@type\":\"EntryPoint\",\"urlTemplate\":\"https:\/\/www.scotsman.sk\/cs\/?s={search_term_string}\"},\"query-input\":{\"@type\":\"PropertyValueSpecification\",\"valueRequired\":true,\"valueName\":\"search_term_string\"}}],\"inLanguage\":\"cs\"}]}<\/script>\n<!-- \/ Yoast SEO plugin. -->","yoast_head_json":{"title":"SCOTSMAN NWH-1408-AS-OX - Scotsman","robots":{"index":"index","follow":"follow","max-snippet":"max-snippet:-1","max-image-preview":"max-image-preview:large","max-video-preview":"max-video-preview:-1"},"canonical":"https:\/\/www.scotsman.sk\/cs\/produkt\/scotsman-nwh-1408-as-ox\/","og_locale":"cs_CZ","og_type":"article","og_title":"SCOTSMAN NWH-1408-AS-OX - Scotsman","og_description":"Typ kostky: Half Dice \/ Mal\u00e1 kostka (6 g \/ L 10 mm \/ P 22 mm \/ H 28 mm)","og_url":"https:\/\/www.scotsman.sk\/cs\/produkt\/scotsman-nwh-1408-as-ox\/","og_site_name":"Scotsman","article_modified_time":"2026-02-26T13:50:13+00:00","og_image":[{"width":500,"height":500,"url":"https:\/\/www.scotsman.sk\/wp-content\/uploads\/2026\/02\/scotsman_nw_1408-800x600-12.jpg","type":"image\/jpeg"}],"twitter_card":"summary_large_image","schema":{"@context":"https:\/\/schema.org","@graph":[{"@type":"WebPage","@id":"https:\/\/www.scotsman.sk\/cs\/produkt\/scotsman-nwh-1408-as-ox\/","url":"https:\/\/www.scotsman.sk\/cs\/produkt\/scotsman-nwh-1408-as-ox\/","name":"SCOTSMAN NWH-1408-AS-OX - Scotsman","isPartOf":{"@id":"https:\/\/www.scotsman.sk\/cs\/#website"},"primaryImageOfPage":{"@id":"https:\/\/www.scotsman.sk\/cs\/produkt\/scotsman-nwh-1408-as-ox\/#primaryimage"},"image":{"@id":"https:\/\/www.scotsman.sk\/cs\/produkt\/scotsman-nwh-1408-as-ox\/#primaryimage"},"thumbnailUrl":"https:\/\/www.scotsman.sk\/wp-content\/uploads\/2026\/02\/scotsman_nw_1408-800x600-12.jpg","datePublished":"2026-02-26T13:49:58+00:00","dateModified":"2026-02-26T13:50:13+00:00","breadcrumb":{"@id":"https:\/\/www.scotsman.sk\/cs\/produkt\/scotsman-nwh-1408-as-ox\/#breadcrumb"},"inLanguage":"cs","potentialAction":[{"@type":"ReadAction","target":["https:\/\/www.scotsman.sk\/cs\/produkt\/scotsman-nwh-1408-as-ox\/"]}]},{"@type":"ImageObject","inLanguage":"cs","@id":"https:\/\/www.scotsman.sk\/cs\/produkt\/scotsman-nwh-1408-as-ox\/#primaryimage","url":"https:\/\/www.scotsman.sk\/wp-content\/uploads\/2026\/02\/scotsman_nw_1408-800x600-12.jpg","contentUrl":"https:\/\/www.scotsman.sk\/wp-content\/uploads\/2026\/02\/scotsman_nw_1408-800x600-12.jpg","width":500,"height":500},{"@type":"BreadcrumbList","@id":"https:\/\/www.scotsman.sk\/cs\/produkt\/scotsman-nwh-1408-as-ox\/#breadcrumb","itemListElement":[{"@type":"ListItem","position":1,"name":"Domovsk\u00e1 str\u00e1nka","item":"https:\/\/www.scotsman.sk\/cs\/"},{"@type":"ListItem","position":2,"name":"Produkty","item":"https:\/\/www.scotsman.sk\/cs\/eshop\/"},{"@type":"ListItem","position":3,"name":"SCOTSMAN NWH-1408-AS-OX"}]},{"@type":"WebSite","@id":"https:\/\/www.scotsman.sk\/cs\/#website","url":"https:\/\/www.scotsman.sk\/cs\/","name":"Scotsman","description":"","potentialAction":[{"@type":"SearchAction","target":{"@type":"EntryPoint","urlTemplate":"https:\/\/www.scotsman.sk\/cs\/?s={search_term_string}"},"query-input":{"@type":"PropertyValueSpecification","valueRequired":true,"valueName":"search_term_string"}}],"inLanguage":"cs"}]}},"_links":{"self":[{"href":"https:\/\/www.scotsman.sk\/cs\/wp-json\/wp\/v2\/product\/21901","targetHints":{"allow":["GET"]}}],"collection":[{"href":"https:\/\/www.scotsman.sk\/cs\/wp-json\/wp\/v2\/product"}],"about":[{"href":"https:\/\/www.scotsman.sk\/cs\/wp-json\/wp\/v2\/types\/product"}],"replies":[{"embeddable":true,"href":"https:\/\/www.scotsman.sk\/cs\/wp-json\/wp\/v2\/comments?post=21901"}],"wp:featuredmedia":[{"embeddable":true,"href":"https:\/\/www.scotsman.sk\/cs\/wp-json\/wp\/v2\/media\/21902"}],"wp:attachment":[{"href":"https:\/\/www.scotsman.sk\/cs\/wp-json\/wp\/v2\/media?parent=21901"}],"wp:term":[{"taxonomy":"product_brand","embeddable":true,"href":"https:\/\/www.scotsman.sk\/cs\/wp-json\/wp\/v2\/product_brand?post=21901"},{"taxonomy":"product_cat","embeddable":true,"href":"https:\/\/www.scotsman.sk\/cs\/wp-json\/wp\/v2\/product_cat?post=21901"},{"taxonomy":"product_tag","embeddable":true,"href":"https:\/\/www.scotsman.sk\/cs\/wp-json\/wp\/v2\/product_tag?post=21901"}],"curies":[{"name":"wp","href":"https:\/\/api.w.org\/{rel}","templated":true}]}}