{"id":21777,"date":"2026-02-26T14:47:14","date_gmt":"2026-02-26T13:47:14","guid":{"rendered":"https:\/\/www.scotsman.sk\/produkt\/scotsman-mar-306-ws\/"},"modified":"2026-02-26T14:47:24","modified_gmt":"2026-02-26T13:47:24","slug":"scotsman-mar-306-ws","status":"publish","type":"product","link":"https:\/\/www.scotsman.sk\/cs\/produkt\/scotsman-mar-306-ws\/","title":{"rendered":"SCOTSMAN MAR-306-WS"},"content":{"rendered":"<p>Produkce ledu do (kg\/24h): 2450<\/p>\n<p>Rozm\u011bry (mm): 1326x853x1125<\/p>\n<p>Typ chlazen\u00ed: Voda<\/p>\n<p>Chladivo: R452<\/p>\n<p>Hmotnost produktu (kg): 393<\/p>\n<p>Hmotnost balen\u00ed v kg: 416<\/p>\n<p>Rozm\u011bry balen\u00ed (cm): 141x79X125<\/p>\n<p>\u010c\u00edslo celn\u00edho sazebn\u00edku: 84186900<\/p>\n<p>: <\/p>\n<p>: <\/p>\n<p>: <\/p>\n","protected":false},"excerpt":{"rendered":"<p>Produkce ledu do (kg\/24h): 2450 Rozm\u011bry (mm): 1326x853x1125 Typ chlazen\u00ed: Voda Chladivo: R452 Hmotnost produktu (kg): 393 Hmotnost balen\u00ed v<\/p>\n","protected":false},"featured_media":21778,"comment_status":"closed","ping_status":"open","template":"","meta":[],"product_brand":[],"product_cat":[771,279],"product_tag":[],"class_list":{"0":"post-21777","1":"product","2":"type-product","3":"status-publish","4":"has-post-thumbnail","6":"product_cat-supinkovy-led","7":"product_cat-vyrobniky-ledu","8":"pa_chladivo-r452","9":"pa_cislo-celniho-sazebniku-278","10":"pa_hmotnost-baleni-v-kg-781","11":"pa_hmotnost-produktu-kg-567","12":"pa_produkce-ledu-do-kg-24h-783","13":"pa_rozmery-baleni-cm-141x79x125","14":"pa_rozmery-mm-1326x853x1125","15":"pa_typ-chlazeni-voda","17":"first","18":"instock","19":"purchasable","20":"product-type-simple"},"yoast_head":"<!-- This site is optimized with the Yoast SEO plugin v27.0 - https:\/\/yoast.com\/product\/yoast-seo-wordpress\/ -->\n<title>SCOTSMAN MAR-306-WS - Scotsman<\/title>\n<meta name=\"robots\" content=\"index, follow, max-snippet:-1, max-image-preview:large, max-video-preview:-1\" \/>\n<link rel=\"canonical\" href=\"https:\/\/www.scotsman.sk\/cs\/produkt\/scotsman-mar-306-ws\/\" \/>\n<meta property=\"og:locale\" content=\"cs_CZ\" \/>\n<meta property=\"og:type\" content=\"article\" \/>\n<meta property=\"og:title\" content=\"SCOTSMAN MAR-306-WS - Scotsman\" \/>\n<meta property=\"og:description\" content=\"Produkce ledu do (kg\/24h): 2450 Rozm\u011bry (mm): 1326x853x1125 Typ chlazen\u00ed: Voda Chladivo: R452 Hmotnost produktu (kg): 393 Hmotnost balen\u00ed v\" \/>\n<meta property=\"og:url\" content=\"https:\/\/www.scotsman.sk\/cs\/produkt\/scotsman-mar-306-ws\/\" \/>\n<meta property=\"og:site_name\" content=\"Scotsman\" \/>\n<meta property=\"article:modified_time\" content=\"2026-02-26T13:47:24+00:00\" \/>\n<meta property=\"og:image\" content=\"https:\/\/www.scotsman.sk\/wp-content\/uploads\/2026\/02\/mar_306-800x600-4.jpg\" \/>\n\t<meta property=\"og:image:width\" content=\"500\" \/>\n\t<meta property=\"og:image:height\" content=\"500\" \/>\n\t<meta property=\"og:image:type\" content=\"image\/jpeg\" \/>\n<meta name=\"twitter:card\" content=\"summary_large_image\" \/>\n<script type=\"application\/ld+json\" class=\"yoast-schema-graph\">{\"@context\":\"https:\/\/schema.org\",\"@graph\":[{\"@type\":\"WebPage\",\"@id\":\"https:\/\/www.scotsman.sk\/cs\/produkt\/scotsman-mar-306-ws\/\",\"url\":\"https:\/\/www.scotsman.sk\/cs\/produkt\/scotsman-mar-306-ws\/\",\"name\":\"SCOTSMAN MAR-306-WS - Scotsman\",\"isPartOf\":{\"@id\":\"https:\/\/www.scotsman.sk\/cs\/#website\"},\"primaryImageOfPage\":{\"@id\":\"https:\/\/www.scotsman.sk\/cs\/produkt\/scotsman-mar-306-ws\/#primaryimage\"},\"image\":{\"@id\":\"https:\/\/www.scotsman.sk\/cs\/produkt\/scotsman-mar-306-ws\/#primaryimage\"},\"thumbnailUrl\":\"https:\/\/www.scotsman.sk\/wp-content\/uploads\/2026\/02\/mar_306-800x600-4.jpg\",\"datePublished\":\"2026-02-26T13:47:14+00:00\",\"dateModified\":\"2026-02-26T13:47:24+00:00\",\"breadcrumb\":{\"@id\":\"https:\/\/www.scotsman.sk\/cs\/produkt\/scotsman-mar-306-ws\/#breadcrumb\"},\"inLanguage\":\"cs\",\"potentialAction\":[{\"@type\":\"ReadAction\",\"target\":[\"https:\/\/www.scotsman.sk\/cs\/produkt\/scotsman-mar-306-ws\/\"]}]},{\"@type\":\"ImageObject\",\"inLanguage\":\"cs\",\"@id\":\"https:\/\/www.scotsman.sk\/cs\/produkt\/scotsman-mar-306-ws\/#primaryimage\",\"url\":\"https:\/\/www.scotsman.sk\/wp-content\/uploads\/2026\/02\/mar_306-800x600-4.jpg\",\"contentUrl\":\"https:\/\/www.scotsman.sk\/wp-content\/uploads\/2026\/02\/mar_306-800x600-4.jpg\",\"width\":500,\"height\":500},{\"@type\":\"BreadcrumbList\",\"@id\":\"https:\/\/www.scotsman.sk\/cs\/produkt\/scotsman-mar-306-ws\/#breadcrumb\",\"itemListElement\":[{\"@type\":\"ListItem\",\"position\":1,\"name\":\"Domovsk\u00e1 str\u00e1nka\",\"item\":\"https:\/\/www.scotsman.sk\/cs\/\"},{\"@type\":\"ListItem\",\"position\":2,\"name\":\"Produkty\",\"item\":\"https:\/\/www.scotsman.sk\/cs\/eshop\/\"},{\"@type\":\"ListItem\",\"position\":3,\"name\":\"SCOTSMAN MAR-306-WS\"}]},{\"@type\":\"WebSite\",\"@id\":\"https:\/\/www.scotsman.sk\/cs\/#website\",\"url\":\"https:\/\/www.scotsman.sk\/cs\/\",\"name\":\"Scotsman\",\"description\":\"\",\"potentialAction\":[{\"@type\":\"SearchAction\",\"target\":{\"@type\":\"EntryPoint\",\"urlTemplate\":\"https:\/\/www.scotsman.sk\/cs\/?s={search_term_string}\"},\"query-input\":{\"@type\":\"PropertyValueSpecification\",\"valueRequired\":true,\"valueName\":\"search_term_string\"}}],\"inLanguage\":\"cs\"}]}<\/script>\n<!-- \/ Yoast SEO plugin. -->","yoast_head_json":{"title":"SCOTSMAN MAR-306-WS - Scotsman","robots":{"index":"index","follow":"follow","max-snippet":"max-snippet:-1","max-image-preview":"max-image-preview:large","max-video-preview":"max-video-preview:-1"},"canonical":"https:\/\/www.scotsman.sk\/cs\/produkt\/scotsman-mar-306-ws\/","og_locale":"cs_CZ","og_type":"article","og_title":"SCOTSMAN MAR-306-WS - Scotsman","og_description":"Produkce ledu do (kg\/24h): 2450 Rozm\u011bry (mm): 1326x853x1125 Typ chlazen\u00ed: Voda Chladivo: R452 Hmotnost produktu (kg): 393 Hmotnost balen\u00ed v","og_url":"https:\/\/www.scotsman.sk\/cs\/produkt\/scotsman-mar-306-ws\/","og_site_name":"Scotsman","article_modified_time":"2026-02-26T13:47:24+00:00","og_image":[{"width":500,"height":500,"url":"https:\/\/www.scotsman.sk\/wp-content\/uploads\/2026\/02\/mar_306-800x600-4.jpg","type":"image\/jpeg"}],"twitter_card":"summary_large_image","schema":{"@context":"https:\/\/schema.org","@graph":[{"@type":"WebPage","@id":"https:\/\/www.scotsman.sk\/cs\/produkt\/scotsman-mar-306-ws\/","url":"https:\/\/www.scotsman.sk\/cs\/produkt\/scotsman-mar-306-ws\/","name":"SCOTSMAN MAR-306-WS - Scotsman","isPartOf":{"@id":"https:\/\/www.scotsman.sk\/cs\/#website"},"primaryImageOfPage":{"@id":"https:\/\/www.scotsman.sk\/cs\/produkt\/scotsman-mar-306-ws\/#primaryimage"},"image":{"@id":"https:\/\/www.scotsman.sk\/cs\/produkt\/scotsman-mar-306-ws\/#primaryimage"},"thumbnailUrl":"https:\/\/www.scotsman.sk\/wp-content\/uploads\/2026\/02\/mar_306-800x600-4.jpg","datePublished":"2026-02-26T13:47:14+00:00","dateModified":"2026-02-26T13:47:24+00:00","breadcrumb":{"@id":"https:\/\/www.scotsman.sk\/cs\/produkt\/scotsman-mar-306-ws\/#breadcrumb"},"inLanguage":"cs","potentialAction":[{"@type":"ReadAction","target":["https:\/\/www.scotsman.sk\/cs\/produkt\/scotsman-mar-306-ws\/"]}]},{"@type":"ImageObject","inLanguage":"cs","@id":"https:\/\/www.scotsman.sk\/cs\/produkt\/scotsman-mar-306-ws\/#primaryimage","url":"https:\/\/www.scotsman.sk\/wp-content\/uploads\/2026\/02\/mar_306-800x600-4.jpg","contentUrl":"https:\/\/www.scotsman.sk\/wp-content\/uploads\/2026\/02\/mar_306-800x600-4.jpg","width":500,"height":500},{"@type":"BreadcrumbList","@id":"https:\/\/www.scotsman.sk\/cs\/produkt\/scotsman-mar-306-ws\/#breadcrumb","itemListElement":[{"@type":"ListItem","position":1,"name":"Domovsk\u00e1 str\u00e1nka","item":"https:\/\/www.scotsman.sk\/cs\/"},{"@type":"ListItem","position":2,"name":"Produkty","item":"https:\/\/www.scotsman.sk\/cs\/eshop\/"},{"@type":"ListItem","position":3,"name":"SCOTSMAN MAR-306-WS"}]},{"@type":"WebSite","@id":"https:\/\/www.scotsman.sk\/cs\/#website","url":"https:\/\/www.scotsman.sk\/cs\/","name":"Scotsman","description":"","potentialAction":[{"@type":"SearchAction","target":{"@type":"EntryPoint","urlTemplate":"https:\/\/www.scotsman.sk\/cs\/?s={search_term_string}"},"query-input":{"@type":"PropertyValueSpecification","valueRequired":true,"valueName":"search_term_string"}}],"inLanguage":"cs"}]}},"_links":{"self":[{"href":"https:\/\/www.scotsman.sk\/cs\/wp-json\/wp\/v2\/product\/21777","targetHints":{"allow":["GET"]}}],"collection":[{"href":"https:\/\/www.scotsman.sk\/cs\/wp-json\/wp\/v2\/product"}],"about":[{"href":"https:\/\/www.scotsman.sk\/cs\/wp-json\/wp\/v2\/types\/product"}],"replies":[{"embeddable":true,"href":"https:\/\/www.scotsman.sk\/cs\/wp-json\/wp\/v2\/comments?post=21777"}],"wp:featuredmedia":[{"embeddable":true,"href":"https:\/\/www.scotsman.sk\/cs\/wp-json\/wp\/v2\/media\/21778"}],"wp:attachment":[{"href":"https:\/\/www.scotsman.sk\/cs\/wp-json\/wp\/v2\/media?parent=21777"}],"wp:term":[{"taxonomy":"product_brand","embeddable":true,"href":"https:\/\/www.scotsman.sk\/cs\/wp-json\/wp\/v2\/product_brand?post=21777"},{"taxonomy":"product_cat","embeddable":true,"href":"https:\/\/www.scotsman.sk\/cs\/wp-json\/wp\/v2\/product_cat?post=21777"},{"taxonomy":"product_tag","embeddable":true,"href":"https:\/\/www.scotsman.sk\/cs\/wp-json\/wp\/v2\/product_tag?post=21777"}],"curies":[{"name":"wp","href":"https:\/\/api.w.org\/{rel}","templated":true}]}}