{"id":21161,"date":"2026-02-26T14:53:16","date_gmt":"2026-02-26T13:53:16","guid":{"rendered":"https:\/\/www.scotsman.sk\/produkt\/scotsman-acl-107-as\/"},"modified":"2026-02-26T14:53:22","modified_gmt":"2026-02-26T13:53:22","slug":"scotsman-acl-107-as","status":"publish","type":"product","link":"https:\/\/www.scotsman.sk\/cs\/produkt\/scotsman-acl-107-as\/","title":{"rendered":"SCOTSMAN ACL-107-AS"},"content":{"rendered":"<p>Druh ledu: Gourmet<\/p>\n<p>Produkce ledu do (kg\/24h): 53<\/p>\n<p>Kapacita z\u00e1sobn\u00edku (kg): 23<\/p>\n<p>Tvar ledu: GOURMET L<\/p>\n<p>Rozm\u011bry (mm): 531 x 600 x 840\/930<\/p>\n<p>Typ chlazen\u00ed: Vzduch<\/p>\n<p>Chladivo: R290<\/p>\n<p>Hmotnost produktu (kg): 47<\/p>\n<p>Hmotnost balen\u00ed v kg: 54<\/p>\n<p>Rozm\u011bry balen\u00ed (cm): 60 x 67 x 95<\/p>\n<p>\u010c\u00edslo celn\u00edho sazebn\u00edku: 84186900<\/p>\n","protected":false},"excerpt":{"rendered":"<p>Velikost gourmet\u016f: L (39 g \/ \u00d8 38 mm \/ H 41 mm)<\/p>\n","protected":false},"featured_media":21162,"comment_status":"closed","ping_status":"open","template":"","meta":[],"product_brand":[],"product_cat":[885,279],"product_tag":[],"class_list":{"0":"post-21161","1":"product","2":"type-product","3":"status-publish","4":"has-post-thumbnail","6":"product_cat-gourmet","7":"product_cat-vyrobniky-ledu","8":"pa_chladivo-r290","9":"pa_cislo-celniho-sazebniku-278","10":"pa_druh-ledu-gourmet","11":"pa_hmotnost-baleni-v-kg-332","12":"pa_hmotnost-produktu-kg-270","13":"pa_kapacita-zasobniku-kg-330","14":"pa_produkce-ledu-do-kg-24h-333","15":"pa_rozmery-baleni-cm-60-x-67-x-95","16":"pa_rozmery-mm-531-x-600-x-840-930","17":"pa_tvar-ledu-gourmet-l","18":"pa_typ-chlazeni-vzduch","20":"first","21":"instock","22":"purchasable","23":"product-type-simple"},"yoast_head":"<!-- This site is optimized with the Yoast SEO plugin v27.0 - https:\/\/yoast.com\/product\/yoast-seo-wordpress\/ -->\n<title>SCOTSMAN ACL-107-AS - Scotsman<\/title>\n<meta name=\"robots\" content=\"index, follow, max-snippet:-1, max-image-preview:large, max-video-preview:-1\" \/>\n<link rel=\"canonical\" href=\"https:\/\/www.scotsman.sk\/cs\/produkt\/scotsman-acl-107-as\/\" \/>\n<meta property=\"og:locale\" content=\"cs_CZ\" \/>\n<meta property=\"og:type\" content=\"article\" \/>\n<meta property=\"og:title\" content=\"SCOTSMAN ACL-107-AS - Scotsman\" \/>\n<meta property=\"og:description\" content=\"Velikost gourmet\u016f: L (39 g \/ \u00d8 38 mm \/ H 41 mm)\" \/>\n<meta property=\"og:url\" content=\"https:\/\/www.scotsman.sk\/cs\/produkt\/scotsman-acl-107-as\/\" \/>\n<meta property=\"og:site_name\" content=\"Scotsman\" \/>\n<meta property=\"article:modified_time\" content=\"2026-02-26T13:53:22+00:00\" \/>\n<meta property=\"og:image\" content=\"https:\/\/www.scotsman.sk\/wp-content\/uploads\/2026\/02\/scotsman_ac_1071-800x600-7.jpg\" \/>\n\t<meta property=\"og:image:width\" content=\"500\" \/>\n\t<meta property=\"og:image:height\" content=\"500\" \/>\n\t<meta property=\"og:image:type\" content=\"image\/jpeg\" \/>\n<meta name=\"twitter:card\" content=\"summary_large_image\" \/>\n<script type=\"application\/ld+json\" class=\"yoast-schema-graph\">{\"@context\":\"https:\/\/schema.org\",\"@graph\":[{\"@type\":\"WebPage\",\"@id\":\"https:\/\/www.scotsman.sk\/cs\/produkt\/scotsman-acl-107-as\/\",\"url\":\"https:\/\/www.scotsman.sk\/cs\/produkt\/scotsman-acl-107-as\/\",\"name\":\"SCOTSMAN ACL-107-AS - Scotsman\",\"isPartOf\":{\"@id\":\"https:\/\/www.scotsman.sk\/cs\/#website\"},\"primaryImageOfPage\":{\"@id\":\"https:\/\/www.scotsman.sk\/cs\/produkt\/scotsman-acl-107-as\/#primaryimage\"},\"image\":{\"@id\":\"https:\/\/www.scotsman.sk\/cs\/produkt\/scotsman-acl-107-as\/#primaryimage\"},\"thumbnailUrl\":\"https:\/\/www.scotsman.sk\/wp-content\/uploads\/2026\/02\/scotsman_ac_1071-800x600-7.jpg\",\"datePublished\":\"2026-02-26T13:53:16+00:00\",\"dateModified\":\"2026-02-26T13:53:22+00:00\",\"breadcrumb\":{\"@id\":\"https:\/\/www.scotsman.sk\/cs\/produkt\/scotsman-acl-107-as\/#breadcrumb\"},\"inLanguage\":\"cs\",\"potentialAction\":[{\"@type\":\"ReadAction\",\"target\":[\"https:\/\/www.scotsman.sk\/cs\/produkt\/scotsman-acl-107-as\/\"]}]},{\"@type\":\"ImageObject\",\"inLanguage\":\"cs\",\"@id\":\"https:\/\/www.scotsman.sk\/cs\/produkt\/scotsman-acl-107-as\/#primaryimage\",\"url\":\"https:\/\/www.scotsman.sk\/wp-content\/uploads\/2026\/02\/scotsman_ac_1071-800x600-7.jpg\",\"contentUrl\":\"https:\/\/www.scotsman.sk\/wp-content\/uploads\/2026\/02\/scotsman_ac_1071-800x600-7.jpg\",\"width\":500,\"height\":500},{\"@type\":\"BreadcrumbList\",\"@id\":\"https:\/\/www.scotsman.sk\/cs\/produkt\/scotsman-acl-107-as\/#breadcrumb\",\"itemListElement\":[{\"@type\":\"ListItem\",\"position\":1,\"name\":\"Domovsk\u00e1 str\u00e1nka\",\"item\":\"https:\/\/www.scotsman.sk\/cs\/\"},{\"@type\":\"ListItem\",\"position\":2,\"name\":\"Produkty\",\"item\":\"https:\/\/www.scotsman.sk\/cs\/eshop\/\"},{\"@type\":\"ListItem\",\"position\":3,\"name\":\"SCOTSMAN ACL-107-AS\"}]},{\"@type\":\"WebSite\",\"@id\":\"https:\/\/www.scotsman.sk\/cs\/#website\",\"url\":\"https:\/\/www.scotsman.sk\/cs\/\",\"name\":\"Scotsman\",\"description\":\"\",\"potentialAction\":[{\"@type\":\"SearchAction\",\"target\":{\"@type\":\"EntryPoint\",\"urlTemplate\":\"https:\/\/www.scotsman.sk\/cs\/?s={search_term_string}\"},\"query-input\":{\"@type\":\"PropertyValueSpecification\",\"valueRequired\":true,\"valueName\":\"search_term_string\"}}],\"inLanguage\":\"cs\"}]}<\/script>\n<!-- \/ Yoast SEO plugin. -->","yoast_head_json":{"title":"SCOTSMAN ACL-107-AS - Scotsman","robots":{"index":"index","follow":"follow","max-snippet":"max-snippet:-1","max-image-preview":"max-image-preview:large","max-video-preview":"max-video-preview:-1"},"canonical":"https:\/\/www.scotsman.sk\/cs\/produkt\/scotsman-acl-107-as\/","og_locale":"cs_CZ","og_type":"article","og_title":"SCOTSMAN ACL-107-AS - Scotsman","og_description":"Velikost gourmet\u016f: L (39 g \/ \u00d8 38 mm \/ H 41 mm)","og_url":"https:\/\/www.scotsman.sk\/cs\/produkt\/scotsman-acl-107-as\/","og_site_name":"Scotsman","article_modified_time":"2026-02-26T13:53:22+00:00","og_image":[{"width":500,"height":500,"url":"https:\/\/www.scotsman.sk\/wp-content\/uploads\/2026\/02\/scotsman_ac_1071-800x600-7.jpg","type":"image\/jpeg"}],"twitter_card":"summary_large_image","schema":{"@context":"https:\/\/schema.org","@graph":[{"@type":"WebPage","@id":"https:\/\/www.scotsman.sk\/cs\/produkt\/scotsman-acl-107-as\/","url":"https:\/\/www.scotsman.sk\/cs\/produkt\/scotsman-acl-107-as\/","name":"SCOTSMAN ACL-107-AS - Scotsman","isPartOf":{"@id":"https:\/\/www.scotsman.sk\/cs\/#website"},"primaryImageOfPage":{"@id":"https:\/\/www.scotsman.sk\/cs\/produkt\/scotsman-acl-107-as\/#primaryimage"},"image":{"@id":"https:\/\/www.scotsman.sk\/cs\/produkt\/scotsman-acl-107-as\/#primaryimage"},"thumbnailUrl":"https:\/\/www.scotsman.sk\/wp-content\/uploads\/2026\/02\/scotsman_ac_1071-800x600-7.jpg","datePublished":"2026-02-26T13:53:16+00:00","dateModified":"2026-02-26T13:53:22+00:00","breadcrumb":{"@id":"https:\/\/www.scotsman.sk\/cs\/produkt\/scotsman-acl-107-as\/#breadcrumb"},"inLanguage":"cs","potentialAction":[{"@type":"ReadAction","target":["https:\/\/www.scotsman.sk\/cs\/produkt\/scotsman-acl-107-as\/"]}]},{"@type":"ImageObject","inLanguage":"cs","@id":"https:\/\/www.scotsman.sk\/cs\/produkt\/scotsman-acl-107-as\/#primaryimage","url":"https:\/\/www.scotsman.sk\/wp-content\/uploads\/2026\/02\/scotsman_ac_1071-800x600-7.jpg","contentUrl":"https:\/\/www.scotsman.sk\/wp-content\/uploads\/2026\/02\/scotsman_ac_1071-800x600-7.jpg","width":500,"height":500},{"@type":"BreadcrumbList","@id":"https:\/\/www.scotsman.sk\/cs\/produkt\/scotsman-acl-107-as\/#breadcrumb","itemListElement":[{"@type":"ListItem","position":1,"name":"Domovsk\u00e1 str\u00e1nka","item":"https:\/\/www.scotsman.sk\/cs\/"},{"@type":"ListItem","position":2,"name":"Produkty","item":"https:\/\/www.scotsman.sk\/cs\/eshop\/"},{"@type":"ListItem","position":3,"name":"SCOTSMAN ACL-107-AS"}]},{"@type":"WebSite","@id":"https:\/\/www.scotsman.sk\/cs\/#website","url":"https:\/\/www.scotsman.sk\/cs\/","name":"Scotsman","description":"","potentialAction":[{"@type":"SearchAction","target":{"@type":"EntryPoint","urlTemplate":"https:\/\/www.scotsman.sk\/cs\/?s={search_term_string}"},"query-input":{"@type":"PropertyValueSpecification","valueRequired":true,"valueName":"search_term_string"}}],"inLanguage":"cs"}]}},"_links":{"self":[{"href":"https:\/\/www.scotsman.sk\/cs\/wp-json\/wp\/v2\/product\/21161","targetHints":{"allow":["GET"]}}],"collection":[{"href":"https:\/\/www.scotsman.sk\/cs\/wp-json\/wp\/v2\/product"}],"about":[{"href":"https:\/\/www.scotsman.sk\/cs\/wp-json\/wp\/v2\/types\/product"}],"replies":[{"embeddable":true,"href":"https:\/\/www.scotsman.sk\/cs\/wp-json\/wp\/v2\/comments?post=21161"}],"wp:featuredmedia":[{"embeddable":true,"href":"https:\/\/www.scotsman.sk\/cs\/wp-json\/wp\/v2\/media\/21162"}],"wp:attachment":[{"href":"https:\/\/www.scotsman.sk\/cs\/wp-json\/wp\/v2\/media?parent=21161"}],"wp:term":[{"taxonomy":"product_brand","embeddable":true,"href":"https:\/\/www.scotsman.sk\/cs\/wp-json\/wp\/v2\/product_brand?post=21161"},{"taxonomy":"product_cat","embeddable":true,"href":"https:\/\/www.scotsman.sk\/cs\/wp-json\/wp\/v2\/product_cat?post=21161"},{"taxonomy":"product_tag","embeddable":true,"href":"https:\/\/www.scotsman.sk\/cs\/wp-json\/wp\/v2\/product_tag?post=21161"}],"curies":[{"name":"wp","href":"https:\/\/api.w.org\/{rel}","templated":true}]}}