{"id":20546,"date":"2026-02-03T11:24:34","date_gmt":"2026-02-03T10:24:34","guid":{"rendered":"https:\/\/www.scotsman.sk\/?post_type=product&#038;p=20546"},"modified":"2026-02-06T13:48:36","modified_gmt":"2026-02-06T12:48:36","slug":"scotsman-acm-87-as","status":"publish","type":"product","link":"https:\/\/www.scotsman.sk\/cs\/produkt\/scotsman-acm-87-as\/","title":{"rendered":"SCOTSMAN ACM-87-AS"},"content":{"rendered":"<p>Druh \u013eadu: Gourmet<\/p>\n<p>Produkcia \u013eadu do (kg\/24h): 44<\/p>\n<p>Kapacita z\u00e1sobn\u00edka (kg): 19<\/p>\n<p>Tvar \u013eadu: GOURMET M \u00d8 30 x H 34 mm &#8211; 20g<\/p>\n<p>Rozmery (mm): 531 x 600 x 875<\/p>\n<p>Typ chladenia: Vzduch<\/p>\n<p>Chladivo: R290<\/p>\n<p>Hmotnos\u0165 produktu (kg): 44<\/p>\n<p>Hmotnos\u0165 balenia v kg: 51<\/p>\n<p>Rozmery balenia (cm): 60 x 67 x 89<\/p>\n<p>\u010c\u00edslo coln\u00e9ho sadzobn\u00edka: 84186900<\/p>\n","protected":false},"excerpt":{"rendered":"<p>Druh \u013eadu: Gourmet Produkcia \u013eadu do (kg\/24h): 44 Kapacita z\u00e1sobn\u00edka (kg): 19 Tvar \u013eadu: GOURMET M \u00d8 30 x H<\/p>\n","protected":false},"featured_media":0,"comment_status":"closed","ping_status":"open","template":"","meta":[],"product_brand":[],"product_cat":[16],"product_tag":[],"class_list":{"0":"post-20546","1":"product","2":"type-product","3":"status-publish","5":"product_cat-nezaradene","7":"first","8":"instock","9":"purchasable","10":"product-type-simple"},"yoast_head":"<!-- This site is optimized with the Yoast SEO plugin v27.0 - https:\/\/yoast.com\/product\/yoast-seo-wordpress\/ -->\n<title>SCOTSMAN ACM-87-AS - Scotsman<\/title>\n<meta name=\"robots\" content=\"index, follow, max-snippet:-1, max-image-preview:large, max-video-preview:-1\" \/>\n<link rel=\"canonical\" href=\"https:\/\/www.scotsman.sk\/cs\/produkt\/scotsman-acm-87-as\/\" \/>\n<meta property=\"og:locale\" content=\"cs_CZ\" \/>\n<meta property=\"og:type\" content=\"article\" \/>\n<meta property=\"og:title\" content=\"SCOTSMAN ACM-87-AS - Scotsman\" \/>\n<meta property=\"og:description\" content=\"Druh \u013eadu: Gourmet Produkcia \u013eadu do (kg\/24h): 44 Kapacita z\u00e1sobn\u00edka (kg): 19 Tvar \u013eadu: GOURMET M \u00d8 30 x H\" \/>\n<meta property=\"og:url\" content=\"https:\/\/www.scotsman.sk\/cs\/produkt\/scotsman-acm-87-as\/\" \/>\n<meta property=\"og:site_name\" content=\"Scotsman\" \/>\n<meta property=\"article:modified_time\" content=\"2026-02-06T12:48:36+00:00\" \/>\n<meta name=\"twitter:card\" content=\"summary_large_image\" \/>\n<script type=\"application\/ld+json\" class=\"yoast-schema-graph\">{\"@context\":\"https:\/\/schema.org\",\"@graph\":[{\"@type\":\"WebPage\",\"@id\":\"https:\/\/www.scotsman.sk\/cs\/produkt\/scotsman-acm-87-as\/\",\"url\":\"https:\/\/www.scotsman.sk\/cs\/produkt\/scotsman-acm-87-as\/\",\"name\":\"SCOTSMAN ACM-87-AS - Scotsman\",\"isPartOf\":{\"@id\":\"https:\/\/www.scotsman.sk\/cs\/#website\"},\"datePublished\":\"2026-02-03T10:24:34+00:00\",\"dateModified\":\"2026-02-06T12:48:36+00:00\",\"breadcrumb\":{\"@id\":\"https:\/\/www.scotsman.sk\/cs\/produkt\/scotsman-acm-87-as\/#breadcrumb\"},\"inLanguage\":\"cs\",\"potentialAction\":[{\"@type\":\"ReadAction\",\"target\":[\"https:\/\/www.scotsman.sk\/cs\/produkt\/scotsman-acm-87-as\/\"]}]},{\"@type\":\"BreadcrumbList\",\"@id\":\"https:\/\/www.scotsman.sk\/cs\/produkt\/scotsman-acm-87-as\/#breadcrumb\",\"itemListElement\":[{\"@type\":\"ListItem\",\"position\":1,\"name\":\"Domovsk\u00e1 str\u00e1nka\",\"item\":\"https:\/\/www.scotsman.sk\/cs\/\"},{\"@type\":\"ListItem\",\"position\":2,\"name\":\"Produkty\",\"item\":\"https:\/\/www.scotsman.sk\/cs\/eshop\/\"},{\"@type\":\"ListItem\",\"position\":3,\"name\":\"SCOTSMAN ACM-87-AS\"}]},{\"@type\":\"WebSite\",\"@id\":\"https:\/\/www.scotsman.sk\/cs\/#website\",\"url\":\"https:\/\/www.scotsman.sk\/cs\/\",\"name\":\"Scotsman\",\"description\":\"\",\"potentialAction\":[{\"@type\":\"SearchAction\",\"target\":{\"@type\":\"EntryPoint\",\"urlTemplate\":\"https:\/\/www.scotsman.sk\/cs\/?s={search_term_string}\"},\"query-input\":{\"@type\":\"PropertyValueSpecification\",\"valueRequired\":true,\"valueName\":\"search_term_string\"}}],\"inLanguage\":\"cs\"}]}<\/script>\n<!-- \/ Yoast SEO plugin. -->","yoast_head_json":{"title":"SCOTSMAN ACM-87-AS - Scotsman","robots":{"index":"index","follow":"follow","max-snippet":"max-snippet:-1","max-image-preview":"max-image-preview:large","max-video-preview":"max-video-preview:-1"},"canonical":"https:\/\/www.scotsman.sk\/cs\/produkt\/scotsman-acm-87-as\/","og_locale":"cs_CZ","og_type":"article","og_title":"SCOTSMAN ACM-87-AS - Scotsman","og_description":"Druh \u013eadu: Gourmet Produkcia \u013eadu do (kg\/24h): 44 Kapacita z\u00e1sobn\u00edka (kg): 19 Tvar \u013eadu: GOURMET M \u00d8 30 x H","og_url":"https:\/\/www.scotsman.sk\/cs\/produkt\/scotsman-acm-87-as\/","og_site_name":"Scotsman","article_modified_time":"2026-02-06T12:48:36+00:00","twitter_card":"summary_large_image","schema":{"@context":"https:\/\/schema.org","@graph":[{"@type":"WebPage","@id":"https:\/\/www.scotsman.sk\/cs\/produkt\/scotsman-acm-87-as\/","url":"https:\/\/www.scotsman.sk\/cs\/produkt\/scotsman-acm-87-as\/","name":"SCOTSMAN ACM-87-AS - Scotsman","isPartOf":{"@id":"https:\/\/www.scotsman.sk\/cs\/#website"},"datePublished":"2026-02-03T10:24:34+00:00","dateModified":"2026-02-06T12:48:36+00:00","breadcrumb":{"@id":"https:\/\/www.scotsman.sk\/cs\/produkt\/scotsman-acm-87-as\/#breadcrumb"},"inLanguage":"cs","potentialAction":[{"@type":"ReadAction","target":["https:\/\/www.scotsman.sk\/cs\/produkt\/scotsman-acm-87-as\/"]}]},{"@type":"BreadcrumbList","@id":"https:\/\/www.scotsman.sk\/cs\/produkt\/scotsman-acm-87-as\/#breadcrumb","itemListElement":[{"@type":"ListItem","position":1,"name":"Domovsk\u00e1 str\u00e1nka","item":"https:\/\/www.scotsman.sk\/cs\/"},{"@type":"ListItem","position":2,"name":"Produkty","item":"https:\/\/www.scotsman.sk\/cs\/eshop\/"},{"@type":"ListItem","position":3,"name":"SCOTSMAN ACM-87-AS"}]},{"@type":"WebSite","@id":"https:\/\/www.scotsman.sk\/cs\/#website","url":"https:\/\/www.scotsman.sk\/cs\/","name":"Scotsman","description":"","potentialAction":[{"@type":"SearchAction","target":{"@type":"EntryPoint","urlTemplate":"https:\/\/www.scotsman.sk\/cs\/?s={search_term_string}"},"query-input":{"@type":"PropertyValueSpecification","valueRequired":true,"valueName":"search_term_string"}}],"inLanguage":"cs"}]}},"_links":{"self":[{"href":"https:\/\/www.scotsman.sk\/cs\/wp-json\/wp\/v2\/product\/20546","targetHints":{"allow":["GET"]}}],"collection":[{"href":"https:\/\/www.scotsman.sk\/cs\/wp-json\/wp\/v2\/product"}],"about":[{"href":"https:\/\/www.scotsman.sk\/cs\/wp-json\/wp\/v2\/types\/product"}],"replies":[{"embeddable":true,"href":"https:\/\/www.scotsman.sk\/cs\/wp-json\/wp\/v2\/comments?post=20546"}],"wp:attachment":[{"href":"https:\/\/www.scotsman.sk\/cs\/wp-json\/wp\/v2\/media?parent=20546"}],"wp:term":[{"taxonomy":"product_brand","embeddable":true,"href":"https:\/\/www.scotsman.sk\/cs\/wp-json\/wp\/v2\/product_brand?post=20546"},{"taxonomy":"product_cat","embeddable":true,"href":"https:\/\/www.scotsman.sk\/cs\/wp-json\/wp\/v2\/product_cat?post=20546"},{"taxonomy":"product_tag","embeddable":true,"href":"https:\/\/www.scotsman.sk\/cs\/wp-json\/wp\/v2\/product_tag?post=20546"}],"curies":[{"name":"wp","href":"https:\/\/api.w.org\/{rel}","templated":true}]}}