{"id":20725,"date":"2026-02-11T12:38:27","date_gmt":"2026-02-11T11:38:27","guid":{"rendered":"https:\/\/www.scotsman.sk\/?page_id=20725"},"modified":"2026-02-11T12:43:31","modified_gmt":"2026-02-11T11:43:31","slug":"vraceni-zbozi","status":"publish","type":"page","link":"https:\/\/www.scotsman.sk\/cs\/vraceni-zbozi\/","title":{"rendered":"Vr\u00e1cen\u00ed zbo\u017e\u00ed"},"content":{"rendered":"<p>Pro vr\u00e1cen\u00ed zbo\u017e\u00ed pros\u00edm st\u00e1hn\u011bte a vypl\u0148te tento formul\u00e1\u0159<\/p>\n<p><strong><a href=\"https:\/\/icemakers.sk\/files\/shop\/sk\/odstupenie_od_zmluvy.pdf\" target=\"_blank\" rel=\"noopener\">ST\u00c1HNOUT &#8211; Odstoupen\u00ed od smlouvy<\/a><\/strong><\/p>\n<p><a title=\"poucenie\" href=\"https:\/\/icemakers.sk\/files\/upload\/poucenie.pdf\">ST\u00c1HNOUT &#8211; Pou\u010den\u00ed o odstoupen\u00ed od smlouvy<\/a><\/p>\n","protected":false},"excerpt":{"rendered":"<p>Pro vr\u00e1cen\u00ed zbo\u017e\u00ed pros\u00edm st\u00e1hn\u011bte a vypl\u0148te tento formul\u00e1\u0159 ST\u00c1HNOUT &#8211; Odstoupen\u00ed od smlouvy ST\u00c1HNOUT &#8211; Pou\u010den\u00ed o odstoupen\u00ed od<\/p>\n","protected":false},"author":1,"featured_media":0,"parent":0,"menu_order":0,"comment_status":"closed","ping_status":"closed","template":"","meta":{"footnotes":""},"class_list":["post-20725","page","type-page","status-publish","hentry"],"yoast_head":"<!-- This site is optimized with the Yoast SEO plugin v27.0 - https:\/\/yoast.com\/product\/yoast-seo-wordpress\/ -->\n<title>Vr\u00e1cen\u00ed zbo\u017e\u00ed - Scotsman<\/title>\n<meta name=\"robots\" content=\"index, follow, max-snippet:-1, max-image-preview:large, max-video-preview:-1\" \/>\n<link rel=\"canonical\" href=\"https:\/\/www.scotsman.sk\/cs\/vraceni-zbozi\/\" \/>\n<meta property=\"og:locale\" content=\"cs_CZ\" \/>\n<meta property=\"og:type\" content=\"article\" \/>\n<meta property=\"og:title\" content=\"Vr\u00e1cen\u00ed zbo\u017e\u00ed - Scotsman\" \/>\n<meta property=\"og:description\" content=\"Pro vr\u00e1cen\u00ed zbo\u017e\u00ed pros\u00edm st\u00e1hn\u011bte a vypl\u0148te tento formul\u00e1\u0159 ST\u00c1HNOUT &#8211; Odstoupen\u00ed od smlouvy ST\u00c1HNOUT &#8211; Pou\u010den\u00ed o odstoupen\u00ed od\" \/>\n<meta property=\"og:url\" content=\"https:\/\/www.scotsman.sk\/cs\/vraceni-zbozi\/\" \/>\n<meta property=\"og:site_name\" content=\"Scotsman\" \/>\n<meta property=\"article:modified_time\" content=\"2026-02-11T11:43:31+00:00\" \/>\n<meta name=\"twitter:card\" content=\"summary_large_image\" \/>\n<script type=\"application\/ld+json\" class=\"yoast-schema-graph\">{\"@context\":\"https:\/\/schema.org\",\"@graph\":[{\"@type\":\"WebPage\",\"@id\":\"https:\/\/www.scotsman.sk\/cs\/vraceni-zbozi\/\",\"url\":\"https:\/\/www.scotsman.sk\/cs\/vraceni-zbozi\/\",\"name\":\"Vr\u00e1cen\u00ed zbo\u017e\u00ed - Scotsman\",\"isPartOf\":{\"@id\":\"https:\/\/www.scotsman.sk\/cs\/#website\"},\"datePublished\":\"2026-02-11T11:38:27+00:00\",\"dateModified\":\"2026-02-11T11:43:31+00:00\",\"breadcrumb\":{\"@id\":\"https:\/\/www.scotsman.sk\/cs\/vraceni-zbozi\/#breadcrumb\"},\"inLanguage\":\"cs\",\"potentialAction\":[{\"@type\":\"ReadAction\",\"target\":[\"https:\/\/www.scotsman.sk\/cs\/vraceni-zbozi\/\"]}]},{\"@type\":\"BreadcrumbList\",\"@id\":\"https:\/\/www.scotsman.sk\/cs\/vraceni-zbozi\/#breadcrumb\",\"itemListElement\":[{\"@type\":\"ListItem\",\"position\":1,\"name\":\"Domovsk\u00e1 str\u00e1nka\",\"item\":\"https:\/\/www.scotsman.sk\/cs\/\"},{\"@type\":\"ListItem\",\"position\":2,\"name\":\"Vr\u00e1cen\u00ed zbo\u017e\u00ed\"}]},{\"@type\":\"WebSite\",\"@id\":\"https:\/\/www.scotsman.sk\/cs\/#website\",\"url\":\"https:\/\/www.scotsman.sk\/cs\/\",\"name\":\"Scotsman\",\"description\":\"\",\"potentialAction\":[{\"@type\":\"SearchAction\",\"target\":{\"@type\":\"EntryPoint\",\"urlTemplate\":\"https:\/\/www.scotsman.sk\/cs\/?s={search_term_string}\"},\"query-input\":{\"@type\":\"PropertyValueSpecification\",\"valueRequired\":true,\"valueName\":\"search_term_string\"}}],\"inLanguage\":\"cs\"}]}<\/script>\n<!-- \/ Yoast SEO plugin. -->","yoast_head_json":{"title":"Vr\u00e1cen\u00ed zbo\u017e\u00ed - Scotsman","robots":{"index":"index","follow":"follow","max-snippet":"max-snippet:-1","max-image-preview":"max-image-preview:large","max-video-preview":"max-video-preview:-1"},"canonical":"https:\/\/www.scotsman.sk\/cs\/vraceni-zbozi\/","og_locale":"cs_CZ","og_type":"article","og_title":"Vr\u00e1cen\u00ed zbo\u017e\u00ed - Scotsman","og_description":"Pro vr\u00e1cen\u00ed zbo\u017e\u00ed pros\u00edm st\u00e1hn\u011bte a vypl\u0148te tento formul\u00e1\u0159 ST\u00c1HNOUT &#8211; Odstoupen\u00ed od smlouvy ST\u00c1HNOUT &#8211; Pou\u010den\u00ed o odstoupen\u00ed od","og_url":"https:\/\/www.scotsman.sk\/cs\/vraceni-zbozi\/","og_site_name":"Scotsman","article_modified_time":"2026-02-11T11:43:31+00:00","twitter_card":"summary_large_image","schema":{"@context":"https:\/\/schema.org","@graph":[{"@type":"WebPage","@id":"https:\/\/www.scotsman.sk\/cs\/vraceni-zbozi\/","url":"https:\/\/www.scotsman.sk\/cs\/vraceni-zbozi\/","name":"Vr\u00e1cen\u00ed zbo\u017e\u00ed - Scotsman","isPartOf":{"@id":"https:\/\/www.scotsman.sk\/cs\/#website"},"datePublished":"2026-02-11T11:38:27+00:00","dateModified":"2026-02-11T11:43:31+00:00","breadcrumb":{"@id":"https:\/\/www.scotsman.sk\/cs\/vraceni-zbozi\/#breadcrumb"},"inLanguage":"cs","potentialAction":[{"@type":"ReadAction","target":["https:\/\/www.scotsman.sk\/cs\/vraceni-zbozi\/"]}]},{"@type":"BreadcrumbList","@id":"https:\/\/www.scotsman.sk\/cs\/vraceni-zbozi\/#breadcrumb","itemListElement":[{"@type":"ListItem","position":1,"name":"Domovsk\u00e1 str\u00e1nka","item":"https:\/\/www.scotsman.sk\/cs\/"},{"@type":"ListItem","position":2,"name":"Vr\u00e1cen\u00ed zbo\u017e\u00ed"}]},{"@type":"WebSite","@id":"https:\/\/www.scotsman.sk\/cs\/#website","url":"https:\/\/www.scotsman.sk\/cs\/","name":"Scotsman","description":"","potentialAction":[{"@type":"SearchAction","target":{"@type":"EntryPoint","urlTemplate":"https:\/\/www.scotsman.sk\/cs\/?s={search_term_string}"},"query-input":{"@type":"PropertyValueSpecification","valueRequired":true,"valueName":"search_term_string"}}],"inLanguage":"cs"}]}},"_links":{"self":[{"href":"https:\/\/www.scotsman.sk\/cs\/wp-json\/wp\/v2\/pages\/20725","targetHints":{"allow":["GET"]}}],"collection":[{"href":"https:\/\/www.scotsman.sk\/cs\/wp-json\/wp\/v2\/pages"}],"about":[{"href":"https:\/\/www.scotsman.sk\/cs\/wp-json\/wp\/v2\/types\/page"}],"author":[{"embeddable":true,"href":"https:\/\/www.scotsman.sk\/cs\/wp-json\/wp\/v2\/users\/1"}],"replies":[{"embeddable":true,"href":"https:\/\/www.scotsman.sk\/cs\/wp-json\/wp\/v2\/comments?post=20725"}],"version-history":[{"count":1,"href":"https:\/\/www.scotsman.sk\/cs\/wp-json\/wp\/v2\/pages\/20725\/revisions"}],"predecessor-version":[{"id":20726,"href":"https:\/\/www.scotsman.sk\/cs\/wp-json\/wp\/v2\/pages\/20725\/revisions\/20726"}],"wp:attachment":[{"href":"https:\/\/www.scotsman.sk\/cs\/wp-json\/wp\/v2\/media?parent=20725"}],"curies":[{"name":"wp","href":"https:\/\/api.w.org\/{rel}","templated":true}]}}