{"id":20607,"date":"2026-01-22T11:20:12","date_gmt":"2026-01-22T10:20:12","guid":{"rendered":"https:\/\/www.scotsman.sk\/servis\/"},"modified":"2026-02-11T12:00:29","modified_gmt":"2026-02-11T11:00:29","slug":"servis","status":"publish","type":"page","link":"https:\/\/www.scotsman.sk\/cs\/servis\/","title":{"rendered":"Servis"},"content":{"rendered":"<p><div class=\"fusion-fullwidth fullwidth-box fusion-builder-row-1 fusion-flex-container has-pattern-background has-mask-background nonhundred-percent-fullwidth non-hundred-percent-height-scrolling\" style=\"--awb-border-radius-top-left:0px;--awb-border-radius-top-right:0px;--awb-border-radius-bottom-right:0px;--awb-border-radius-bottom-left:0px;--awb-margin-bottom:39px;--awb-flex-wrap:wrap;\" ><div class=\"fusion-builder-row fusion-row fusion-flex-align-items-flex-start fusion-flex-content-wrap\" style=\"max-width:1216.8px;margin-left: calc(-4% \/ 2 );margin-right: calc(-4% \/ 2 );\"><div class=\"fusion-layout-column fusion_builder_column fusion-builder-column-0 fusion_builder_column_1_1 1_1 fusion-flex-column\" style=\"--awb-bg-size:cover;--awb-width-large:100%;--awb-margin-top-large:15px;--awb-spacing-right-large:1.92%;--awb-margin-bottom-large:15px;--awb-spacing-left-large:1.92%;--awb-width-medium:100%;--awb-order-medium:0;--awb-spacing-right-medium:1.92%;--awb-spacing-left-medium:1.92%;--awb-width-small:100%;--awb-order-small:0;--awb-spacing-right-small:1.92%;--awb-spacing-left-small:1.92%;\"><div class=\"fusion-column-wrapper fusion-column-has-shadow fusion-flex-justify-content-flex-start fusion-content-layout-column\"><div class=\"fusion-image-element \" style=\"--awb-caption-title-font-family:var(--h2_typography-font-family);--awb-caption-title-font-weight:var(--h2_typography-font-weight);--awb-caption-title-font-style:var(--h2_typography-font-style);--awb-caption-title-size:var(--h2_typography-font-size);--awb-caption-title-transform:var(--h2_typography-text-transform);--awb-caption-title-line-height:var(--h2_typography-line-height);--awb-caption-title-letter-spacing:var(--h2_typography-letter-spacing);\"><span class=\" fusion-imageframe imageframe-none imageframe-1 hover-type-none\"><img decoding=\"async\" width=\"2000\" height=\"485\" title=\"servis\" src=\"https:\/\/www.scotsman.sk\/wp-content\/uploads\/2026\/01\/servis.jpg\" data-orig-src=\"https:\/\/www.scotsman.sk\/wp-content\/uploads\/2026\/01\/servis.jpg\" alt class=\"lazyload img-responsive wp-image-20604\" srcset=\"data:image\/svg+xml,%3Csvg%20xmlns%3D%27http%3A%2F%2Fwww.w3.org%2F2000%2Fsvg%27%20width%3D%272000%27%20height%3D%27485%27%20viewBox%3D%270%200%202000%20485%27%3E%3Crect%20width%3D%272000%27%20height%3D%27485%27%20fill-opacity%3D%220%22%2F%3E%3C%2Fsvg%3E\" data-srcset=\"https:\/\/www.scotsman.sk\/wp-content\/uploads\/2026\/01\/servis-200x49.jpg 200w, https:\/\/www.scotsman.sk\/wp-content\/uploads\/2026\/01\/servis-400x97.jpg 400w, https:\/\/www.scotsman.sk\/wp-content\/uploads\/2026\/01\/servis-600x146.jpg 600w, https:\/\/www.scotsman.sk\/wp-content\/uploads\/2026\/01\/servis-800x194.jpg 800w, https:\/\/www.scotsman.sk\/wp-content\/uploads\/2026\/01\/servis-1200x291.jpg 1200w, https:\/\/www.scotsman.sk\/wp-content\/uploads\/2026\/01\/servis.jpg 2000w\" data-sizes=\"auto\" data-orig-sizes=\"(max-width: 1024px) 100vw, (max-width: 640px) 100vw, 1200px\" \/><\/span><\/div><\/div><\/div><\/div><\/div><div class=\"fusion-fullwidth fullwidth-box fusion-builder-row-2 fusion-flex-container has-pattern-background has-mask-background nonhundred-percent-fullwidth non-hundred-percent-height-scrolling\" style=\"--awb-border-radius-top-left:0px;--awb-border-radius-top-right:0px;--awb-border-radius-bottom-right:0px;--awb-border-radius-bottom-left:0px;--awb-flex-wrap:wrap;\" ><div class=\"fusion-builder-row fusion-row fusion-flex-align-items-flex-start fusion-flex-content-wrap\" style=\"max-width:1216.8px;margin-left: calc(-4% \/ 2 );margin-right: calc(-4% \/ 2 );\"><div class=\"fusion-layout-column fusion_builder_column fusion-builder-column-1 fusion_builder_column_1_3 1_3 fusion-flex-column\" style=\"--awb-bg-size:cover;--awb-width-large:33.3333333333%;--awb-margin-top-large:15px;--awb-spacing-right-large:5.76%;--awb-margin-bottom-large:15px;--awb-spacing-left-large:5.76%;--awb-width-medium:100%;--awb-order-medium:0;--awb-spacing-right-medium:1.92%;--awb-spacing-left-medium:1.92%;--awb-width-small:100%;--awb-order-small:0;--awb-spacing-right-small:1.92%;--awb-spacing-left-small:1.92%;\"><div class=\"fusion-column-wrapper fusion-column-has-shadow fusion-flex-justify-content-flex-start fusion-content-layout-column\"><div class=\"fusion-image-element \" style=\"--awb-margin-bottom:40px;--awb-caption-title-font-family:var(--h2_typography-font-family);--awb-caption-title-font-weight:var(--h2_typography-font-weight);--awb-caption-title-font-style:var(--h2_typography-font-style);--awb-caption-title-size:var(--h2_typography-font-size);--awb-caption-title-transform:var(--h2_typography-text-transform);--awb-caption-title-line-height:var(--h2_typography-line-height);--awb-caption-title-letter-spacing:var(--h2_typography-letter-spacing);\"><span class=\" fusion-imageframe imageframe-none imageframe-2 hover-type-none\"><img decoding=\"async\" width=\"1204\" height=\"284\" title=\"Scotsman\" src=\"https:\/\/www.scotsman.sk\/wp-content\/uploads\/2026\/01\/Scotsman.png\" data-orig-src=\"https:\/\/www.scotsman.sk\/wp-content\/uploads\/2026\/01\/Scotsman.png\" alt class=\"lazyload img-responsive wp-image-20605\" srcset=\"data:image\/svg+xml,%3Csvg%20xmlns%3D%27http%3A%2F%2Fwww.w3.org%2F2000%2Fsvg%27%20width%3D%271204%27%20height%3D%27284%27%20viewBox%3D%270%200%201204%20284%27%3E%3Crect%20width%3D%271204%27%20height%3D%27284%27%20fill-opacity%3D%220%22%2F%3E%3C%2Fsvg%3E\" data-srcset=\"https:\/\/www.scotsman.sk\/wp-content\/uploads\/2026\/01\/Scotsman-200x47.png 200w, https:\/\/www.scotsman.sk\/wp-content\/uploads\/2026\/01\/Scotsman-400x94.png 400w, https:\/\/www.scotsman.sk\/wp-content\/uploads\/2026\/01\/Scotsman-600x142.png 600w, https:\/\/www.scotsman.sk\/wp-content\/uploads\/2026\/01\/Scotsman-800x189.png 800w, https:\/\/www.scotsman.sk\/wp-content\/uploads\/2026\/01\/Scotsman-1200x283.png 1200w, https:\/\/www.scotsman.sk\/wp-content\/uploads\/2026\/01\/Scotsman.png 1204w\" data-sizes=\"auto\" data-orig-sizes=\"(max-width: 1024px) 100vw, (max-width: 640px) 100vw, 400px\" \/><\/span><\/div><div class=\"fusion-text fusion-text-1\"><p><strong>Servis<\/strong><br \/>\n<a href=\"tel:+421948141448\">+421 948 14 14 48<\/a><br \/>\n<a href=\"mailto:support@scotsman.sk\">support@scotsman.sk<\/a><\/p>\n<\/div><div class=\"fusion-text fusion-text-2\" style=\"--awb-margin-top:20px;\"><p><strong>Dodac\u00ed m\u00edsto pro servis<\/strong><br \/>\n<a href=\"tel:+421948423325\">+421948 423 325<\/a><br \/>\n<a href=\"mailto:support@scotsman.sk\">support@scotsman.sk<\/a><\/p>\n<\/div><\/div><\/div><div class=\"fusion-layout-column fusion_builder_column fusion-builder-column-2 fusion_builder_column_2_3 2_3 fusion-flex-column\" style=\"--awb-bg-size:cover;--awb-width-large:66.6666666667%;--awb-margin-top-large:15px;--awb-spacing-right-large:2.88%;--awb-margin-bottom-large:15px;--awb-spacing-left-large:2.88%;--awb-width-medium:100%;--awb-order-medium:0;--awb-spacing-right-medium:1.92%;--awb-spacing-left-medium:1.92%;--awb-width-small:100%;--awb-order-small:0;--awb-spacing-right-small:1.92%;--awb-spacing-left-small:1.92%;\"><div class=\"fusion-column-wrapper fusion-column-has-shadow fusion-flex-justify-content-flex-start fusion-content-layout-column\"><div class=\"fusion-text fusion-text-3\"><p>C\u00edlem na\u0161\u00ed firmy kvalitn\u00ed servis. Sami v\u00edme a hlavn\u011b si to uv\u011bdomujeme, \u017ee prodejem v\u00fdrobn\u00edku na led na\u0161e pr\u00e1ce teprve za\u010d\u00edn\u00e1, a proto je pro n\u00e1s servis stroj\u016f na prvn\u00edm m\u00edst\u011b.<\/p>\n<p>Sna\u017e\u00edme se zaji\u0161\u0165ovat jistotu pro na\u0161eho z\u00e1kazn\u00edka, \u017ee v p\u0159\u00edpad\u011b poruchy stroje, um\u00edme stroj promtn\u011b opravit na co jsou velmi pot\u0159ebn\u00ed na\u0161i \u0161kolen\u00ed technici:<\/p>\n<ul>\n<li>pravideln\u011b se \u00fa\u010dastn\u00edme \u0161kolen\u00ed stroj\u016f Scotsman v r\u00e1mci Evropy a diskutujeme o novink\u00e1ch<\/li>\n<li>hled\u00e1me alternativn\u00ed \u0159e\u0161en\u00ed poruch na vlastn\u00edch stroj\u00edch, abychom zkr\u00e1tili \u010das opravy<\/li>\n<li>jsme fanatici do na\u0161ich stroj\u016f a 50% poruch oprav\u00edme po telefonu za pomoci \u010d\u00e1ste\u010dn\u011b zru\u010dn\u00e9ho z\u00e1kazn\u00edka, proto\u017ee vzniknou mimo stroj (voda, elektrika)<\/li>\n<li>jsme \u010dasto na cest\u00e1ch, a proto v\u017edy bl\u00edzko v\u00e1s<\/li>\n<li>n\u00e1\u0161 centr\u00e1ln\u00ed sklad v Nit\u0159e m\u00e1 velmi dobrou logistickou polohu pro cel\u00e9 Slovensko<\/li>\n<\/ul>\n<\/div><\/div><\/div><\/div><\/div><\/p>\n","protected":false},"excerpt":{"rendered":"","protected":false},"author":1,"featured_media":0,"parent":0,"menu_order":0,"comment_status":"closed","ping_status":"closed","template":"","meta":{"footnotes":""},"class_list":["post-20607","page","type-page","status-publish","hentry"],"yoast_head":"<!-- This site is optimized with the Yoast SEO plugin v27.0 - https:\/\/yoast.com\/product\/yoast-seo-wordpress\/ -->\n<title>Servis - Scotsman<\/title>\n<meta name=\"robots\" content=\"index, follow, max-snippet:-1, max-image-preview:large, max-video-preview:-1\" \/>\n<link rel=\"canonical\" href=\"https:\/\/www.scotsman.sk\/cs\/servis\/\" \/>\n<meta property=\"og:locale\" content=\"cs_CZ\" \/>\n<meta property=\"og:type\" content=\"article\" \/>\n<meta property=\"og:title\" content=\"Servis - Scotsman\" \/>\n<meta property=\"og:url\" content=\"https:\/\/www.scotsman.sk\/cs\/servis\/\" \/>\n<meta property=\"og:site_name\" content=\"Scotsman\" \/>\n<meta property=\"article:modified_time\" content=\"2026-02-11T11:00:29+00:00\" \/>\n<meta name=\"twitter:card\" content=\"summary_large_image\" \/>\n<meta name=\"twitter:label1\" content=\"Odhadovan\u00e1 doba \u010dten\u00ed\" \/>\n\t<meta name=\"twitter:data1\" content=\"2 minuty\" \/>\n<script type=\"application\/ld+json\" class=\"yoast-schema-graph\">{\"@context\":\"https:\/\/schema.org\",\"@graph\":[{\"@type\":\"WebPage\",\"@id\":\"https:\/\/www.scotsman.sk\/cs\/servis\/\",\"url\":\"https:\/\/www.scotsman.sk\/cs\/servis\/\",\"name\":\"Servis - Scotsman\",\"isPartOf\":{\"@id\":\"https:\/\/www.scotsman.sk\/cs\/#website\"},\"datePublished\":\"2026-01-22T10:20:12+00:00\",\"dateModified\":\"2026-02-11T11:00:29+00:00\",\"breadcrumb\":{\"@id\":\"https:\/\/www.scotsman.sk\/cs\/servis\/#breadcrumb\"},\"inLanguage\":\"cs\",\"potentialAction\":[{\"@type\":\"ReadAction\",\"target\":[\"https:\/\/www.scotsman.sk\/cs\/servis\/\"]}]},{\"@type\":\"BreadcrumbList\",\"@id\":\"https:\/\/www.scotsman.sk\/cs\/servis\/#breadcrumb\",\"itemListElement\":[{\"@type\":\"ListItem\",\"position\":1,\"name\":\"Domovsk\u00e1 str\u00e1nka\",\"item\":\"https:\/\/www.scotsman.sk\/cs\/\"},{\"@type\":\"ListItem\",\"position\":2,\"name\":\"Servis\"}]},{\"@type\":\"WebSite\",\"@id\":\"https:\/\/www.scotsman.sk\/cs\/#website\",\"url\":\"https:\/\/www.scotsman.sk\/cs\/\",\"name\":\"Scotsman\",\"description\":\"\",\"potentialAction\":[{\"@type\":\"SearchAction\",\"target\":{\"@type\":\"EntryPoint\",\"urlTemplate\":\"https:\/\/www.scotsman.sk\/cs\/?s={search_term_string}\"},\"query-input\":{\"@type\":\"PropertyValueSpecification\",\"valueRequired\":true,\"valueName\":\"search_term_string\"}}],\"inLanguage\":\"cs\"}]}<\/script>\n<!-- \/ Yoast SEO plugin. -->","yoast_head_json":{"title":"Servis - Scotsman","robots":{"index":"index","follow":"follow","max-snippet":"max-snippet:-1","max-image-preview":"max-image-preview:large","max-video-preview":"max-video-preview:-1"},"canonical":"https:\/\/www.scotsman.sk\/cs\/servis\/","og_locale":"cs_CZ","og_type":"article","og_title":"Servis - Scotsman","og_url":"https:\/\/www.scotsman.sk\/cs\/servis\/","og_site_name":"Scotsman","article_modified_time":"2026-02-11T11:00:29+00:00","twitter_card":"summary_large_image","twitter_misc":{"Odhadovan\u00e1 doba \u010dten\u00ed":"2 minuty"},"schema":{"@context":"https:\/\/schema.org","@graph":[{"@type":"WebPage","@id":"https:\/\/www.scotsman.sk\/cs\/servis\/","url":"https:\/\/www.scotsman.sk\/cs\/servis\/","name":"Servis - Scotsman","isPartOf":{"@id":"https:\/\/www.scotsman.sk\/cs\/#website"},"datePublished":"2026-01-22T10:20:12+00:00","dateModified":"2026-02-11T11:00:29+00:00","breadcrumb":{"@id":"https:\/\/www.scotsman.sk\/cs\/servis\/#breadcrumb"},"inLanguage":"cs","potentialAction":[{"@type":"ReadAction","target":["https:\/\/www.scotsman.sk\/cs\/servis\/"]}]},{"@type":"BreadcrumbList","@id":"https:\/\/www.scotsman.sk\/cs\/servis\/#breadcrumb","itemListElement":[{"@type":"ListItem","position":1,"name":"Domovsk\u00e1 str\u00e1nka","item":"https:\/\/www.scotsman.sk\/cs\/"},{"@type":"ListItem","position":2,"name":"Servis"}]},{"@type":"WebSite","@id":"https:\/\/www.scotsman.sk\/cs\/#website","url":"https:\/\/www.scotsman.sk\/cs\/","name":"Scotsman","description":"","potentialAction":[{"@type":"SearchAction","target":{"@type":"EntryPoint","urlTemplate":"https:\/\/www.scotsman.sk\/cs\/?s={search_term_string}"},"query-input":{"@type":"PropertyValueSpecification","valueRequired":true,"valueName":"search_term_string"}}],"inLanguage":"cs"}]}},"_links":{"self":[{"href":"https:\/\/www.scotsman.sk\/cs\/wp-json\/wp\/v2\/pages\/20607","targetHints":{"allow":["GET"]}}],"collection":[{"href":"https:\/\/www.scotsman.sk\/cs\/wp-json\/wp\/v2\/pages"}],"about":[{"href":"https:\/\/www.scotsman.sk\/cs\/wp-json\/wp\/v2\/types\/page"}],"author":[{"embeddable":true,"href":"https:\/\/www.scotsman.sk\/cs\/wp-json\/wp\/v2\/users\/1"}],"replies":[{"embeddable":true,"href":"https:\/\/www.scotsman.sk\/cs\/wp-json\/wp\/v2\/comments?post=20607"}],"version-history":[{"count":3,"href":"https:\/\/www.scotsman.sk\/cs\/wp-json\/wp\/v2\/pages\/20607\/revisions"}],"predecessor-version":[{"id":20682,"href":"https:\/\/www.scotsman.sk\/cs\/wp-json\/wp\/v2\/pages\/20607\/revisions\/20682"}],"wp:attachment":[{"href":"https:\/\/www.scotsman.sk\/cs\/wp-json\/wp\/v2\/media?parent=20607"}],"curies":[{"name":"wp","href":"https:\/\/api.w.org\/{rel}","templated":true}]}}